{"id":29,"date":"2025-09-13T06:06:54","date_gmt":"2025-09-13T06:06:54","guid":{"rendered":"https:\/\/www.recargadeextintoresentrujillo.online\/?page_id=29"},"modified":"2025-09-19T06:40:51","modified_gmt":"2025-09-19T06:40:51","slug":"venta-de-extintores-en-trujillo","status":"publish","type":"page","link":"https:\/\/www.recargadeextintoresentrujillo.online\/?page_id=29","title":{"rendered":"NOSOTROS"},"content":{"rendered":"\n<h2 class=\"wp-block-heading alignwide has-text-align-center has-ast-global-color-4-color has-vivid-red-background-color has-text-color has-background has-link-color has-medium-font-size wp-elements-56b276938999a85759e1ce73fb608c09\">Recarga y Venta de Extintores en Trujillo<\/h2>\n\n\n\n<div class=\"wp-block-media-text is-stacked-on-mobile\"><figure class=\"wp-block-media-text__media\"><img loading=\"lazy\" decoding=\"async\" width=\"1024\" height=\"1024\" src=\"https:\/\/www.recargadeextintoresentrujillo.online\/wp-content\/uploads\/2025\/09\/20250919_0100_Tecnico-con-Extintor_remix_01k5g8wn5jf5p8bxta9wwh3jkp.png\" alt=\"venta de extintores\" class=\"wp-image-201 size-full\"\/><\/figure><div class=\"wp-block-media-text__content\">\n<h2 class=\"wp-block-heading has-vivid-red-color has-text-color has-link-color wp-elements-15c4d898a81146267aa81c5406555aa8\">&#8212; <strong>Sobre Nosotros<\/strong><\/h2>\n\n\n\n<p>Porque somos una empresa peruana especializada en la <strong>recarga, mantenimiento y venta de extintores en Trujillo<\/strong>, con m\u00e1s de <strong>20 a\u00f1os de experiencia<\/strong> en el rubro de seguridad contra incendios.<\/p>\n\n\n\n<p>Adem\u00e1s, nuestro compromiso es brindar un <strong>servicio confiable, r\u00e1pido y certificado<\/strong>, que cumpla con todas las normativas vigentes y te ofrezca la tranquilidad de estar protegido en todo momento.<\/p>\n\n\n\n<p>Por otro lado, contamos con un <strong>equipo t\u00e9cnico altamente capacitado<\/strong>, as\u00ed como con <strong>equipos de \u00faltima generaci\u00f3n y materiales homologados<\/strong>, lo que nos permite garantizar la calidad y eficacia en cada servicio que realizamos.<\/p>\n\n\n\n<p>Asimismo, atendemos tanto a <strong>clientes particulare<\/strong>.<\/p>\n\n\n\n<div class=\"wp-block-buttons is-layout-flex wp-block-buttons-is-layout-flex\">\n<div class=\"wp-block-button\"><a class=\"wp-block-button__link has-vivid-red-background-color has-background wp-element-button\" href=\"https:\/\/wa.link\/pxd2du\"><strong>Agenda tu servicio<\/strong><\/a><\/div>\n<\/div>\n<\/div><\/div>\n\n\n\n<div class=\"wp-block-columns has-ast-global-color-7-background-color has-background is-layout-flex wp-container-core-columns-is-layout-28f84493 wp-block-columns-is-layout-flex\">\n<div class=\"wp-block-column is-layout-flow wp-block-column-is-layout-flow\">\n<div class=\"inherit-container-width wp-block-group alignfull has-tertiary-background-color has-background is-layout-constrained wp-container-core-group-is-layout-7276a2bb wp-block-group-is-layout-constrained\" style=\"margin-top:0;margin-bottom:0;padding-top:var(--wp--preset--spacing--60);padding-right:var(--wp--preset--spacing--30);padding-bottom:var(--wp--preset--spacing--60);padding-left:var(--wp--preset--spacing--30)\">\n<div class=\"wp-block-group alignwide is-content-justification-center is-layout-constrained wp-block-group-is-layout-constrained\">\n<p class=\"has-text-align-center has-ast-global-color-4-color has-vivid-red-background-color has-text-color has-background has-link-color has-medium-font-size wp-elements-69c04f84d173ac8ae28d685f41f234ec\"><strong>Equipo t\u00e9cnico altamente capacitado y certificado<\/strong><\/p>\n<\/div>\n\n\n\n<div class=\"wp-block-columns alignwide is-layout-flex wp-container-core-columns-is-layout-30cd009e wp-block-columns-is-layout-flex\">\n<div class=\"wp-block-column is-layout-flow wp-block-column-is-layout-flow\">\n<figure class=\"wp-block-image aligncenter size-large extendify-image-import wp-duotone-varpresetduotonesecondary-and-primary-1\"><img decoding=\"async\" src=\"data:image\/svg+xml;base64,PHN2ZyB4bWxucz0iaHR0cDovL3d3dy53My5vcmcvMjAwMC9zdmciIGhlaWdodD0iNDhweCIgdmlld0JveD0iMCAtOTYwIDk2MCA5NjAiIHdpZHRoPSI0OHB4IiBmaWxsPSIjMjcyNzI3Ij48cGF0aCBkPSJNMTQwLTE2MHEtMjQgMC00Mi0xOHQtMTgtNDJ2LTE2OWg2MHYxNjloNjgwdi01MjBIMTQwdjE3MUg4MHYtMTcxcTAtMjQgMTgtNDJ0NDItMThoNjgwcTI0IDAgNDIgMTh0MTggNDJ2NTIwcTAgMjQtMTggNDJ0LTQyIDE4SDE0MFptMzE5LTE0My00My00MyAxMDMtMTAzSDgwdi02MGg0MzlMNDE2LTYxMmw0My00MyAxNzYgMTc2LTE3NiAxNzZaIi8+PC9zdmc+\" alt=\"\"\/><\/figure>\n\n\n\n<p class=\"has-text-align-center\" style=\"font-size:20px\"><strong>Nuestra Misi\u00f3n<\/strong><\/p>\n\n\n\n<p class=\"has-text-align-center has-small-font-size\" style=\"margin-top:8px\">Adem\u00e1s brindar tranquilidad a nuestros clientes mediante un servicio integral de <strong>recarga y mantenimiento de extintores<\/strong>, asegurando que cada dispositivo cumpla con los m\u00e1s altos est\u00e1ndares de seguridad.<\/p>\n<\/div>\n\n\n\n<div class=\"wp-block-column is-layout-flow wp-block-column-is-layout-flow\">\n<figure class=\"wp-block-image aligncenter size-large extendify-image-import wp-duotone-varpresetduotonesecondary-and-primary-2\"><img decoding=\"async\" src=\"data:image\/svg+xml;base64,PHN2ZyB4bWxucz0iaHR0cDovL3d3dy53My5vcmcvMjAwMC9zdmciIGhlaWdodD0iNDhweCIgdmlld0JveD0iMCAtOTYwIDk2MCA5NjAiIHdpZHRoPSI0OHB4IiBmaWxsPSIjMjcyNzI3Ij48cGF0aCBkPSJNMjMwLTEyMHEtNjMgMC0xMDYuNS00My41VDgwLTI3MHEwLTYzIDQzLjUtMTA2LjVUMjMwLTQyMHE2MyAwIDEwNi41IDQzLjVUMzgwLTI3MHEwIDYzLTQzLjUgMTA2LjVUMjMwLTEyMFptNTAxIDBxLTYzIDAtMTA2LjUtNDMuNVQ1ODEtMjcwcTAtNjMgNDMuNS0xMDYuNVQ3MzEtNDIwcTYzIDAgMTA2LjUgNDMuNVQ4ODEtMjcwcTAgNjMtNDMuNSAxMDYuNVQ3MzEtMTIwWm0tNTAxLjA5LTYwcTM3LjA5IDAgNjMuNTktMjYuNDF0MjYuNS02My41cTAtMzcuMDktMjYuNDEtNjMuNTl0LTYzLjUtMjYuNXEtMzcuMDkgMC02My41OSAyNi40MXQtMjYuNSA2My41cTAgMzcuMDkgMjYuNDEgNjMuNTl0NjMuNSAyNi41Wm01MDEgMHEzNy4wOSAwIDYzLjU5LTI2LjQxdDI2LjUtNjMuNXEwLTM3LjA5LTI2LjQxLTYzLjU5dC02My41LTI2LjVxLTM3LjA5IDAtNjMuNTkgMjYuNDF0LTI2LjUgNjMuNXEwIDM3LjA5IDI2LjQxIDYzLjU5dDYzLjUgMjYuNVpNNDgxLTU0MXEtNjMgMC0xMDYuNS00My41VDMzMS02OTFxMC02MyA0My41LTEwNi41VDQ4MS04NDFxNjMgMCAxMDYuNSA0My41VDYzMS02OTFxMCA2My00My41IDEwNi41VDQ4MS01NDFabS0uMDktNjBxMzcuMDkgMCA2My41OS0yNi40MXQyNi41LTYzLjVxMC0zNy4wOS0yNi40MS02My41OXQtNjMuNS0yNi41cS0zNy4wOSAwLTYzLjU5IDI2LjQxdC0yNi41IDYzLjVxMCAzNy4wOSAyNi40MSA2My41OXQ2My41IDI2LjVabS4wOS05MFptMjUwIDQyMVptLTUwMSAwWiIvPjwvc3ZnPg==\" alt=\"\"\/><\/figure>\n\n\n\n<p class=\"has-text-align-center\" style=\"font-size:20px\"><strong>Nuestra Visi\u00f3n<\/strong><\/p>\n\n\n\n<p class=\"has-text-align-center has-small-font-size\" style=\"margin-top:8px\">Convertirnos en la empresa de referencia en servicios de protecci\u00f3n contra incendios, reconocida por su profesionalismo, compromiso y confianza en cada trabajo realizado.<\/p>\n<\/div>\n<\/div>\n<\/div>\n<\/div>\n<\/div>\n\n\n\n<div class=\"wp-block-columns is-layout-flex wp-container-core-columns-is-layout-28f84493 wp-block-columns-is-layout-flex\">\n<div class=\"wp-block-column is-layout-flow wp-block-column-is-layout-flow\">\n<div class=\"wp-block-cover alignfull is-light\" style=\"min-height:693px;aspect-ratio:unset;\"><span aria-hidden=\"true\" class=\"wp-block-cover__background has-background-dim-100 has-background-dim\" style=\"background-color:#ffffff\"><\/span><div class=\"wp-block-cover__inner-container is-layout-flow wp-block-cover-is-layout-flow\">\n<div class=\"wp-block-media-text alignwide is-stacked-on-mobile is-vertically-aligned-center is-image-fill-element\" style=\"padding-top:var(--wp--preset--spacing--20);padding-right:var(--wp--preset--spacing--50);padding-bottom:var(--wp--preset--spacing--20);padding-left:var(--wp--preset--spacing--50);grid-template-columns:56% auto\"><figure class=\"wp-block-media-text__media\"><img loading=\"lazy\" decoding=\"async\" width=\"1536\" height=\"1024\" src=\"https:\/\/www.recargadeextintoresentrujillo.online\/wp-content\/uploads\/2025\/09\/20250919_0046_Capacitacion-de-Extintores_remix_01k5g81qzfftza0jy6w90smyf9.png\" alt=\"\" class=\"wp-image-196 size-full\" style=\"object-position:50% 50%\"\/><\/figure><div class=\"wp-block-media-text__content\">\n<p class=\"has-text-color\" style=\"color:#000000;font-size:32px\"><strong>\u00bfPor qu\u00e9 elegirnos?<\/strong><\/p>\n\n\n\n<p class=\"has-text-color\" style=\"color:#000000;font-size:17px\"><strong>Precios competitivos y confianza garantizada<\/strong>.<\/p>\n\n\n\n<p><strong>Recarga de extintores al instante<\/strong> con garant\u00eda de funcionamiento.<\/p>\n\n\n\n<p><strong>Servicio a domicilio<\/strong> para mayor comodidad de nuestros clientes.<\/p>\n\n\n\n<p> <strong>Mantenimiento preventivo y correctivo<\/strong> de todas las marcas y tipos de extintores<\/p>\n\n\n\n<p><strong>Atenci\u00f3n a empresas, oficinas, comercios e industrias<\/strong>.<\/p>\n\n\n\n<div class=\"wp-block-buttons is-layout-flex wp-block-buttons-is-layout-flex\">\n<div class=\"wp-block-button\"><a class=\"wp-block-button__link wp-element-button\" href=\"https:\/\/www.recargadeextintoresentrujillo.online\/?page_id=53\">CONOSE NUESTROS SERVICIOS<\/a><\/div>\n<\/div>\n<\/div><\/div>\n<\/div><\/div>\n<\/div>\n<\/div>\n\n\n\n<div class=\"wp-block-media-text has-media-on-the-right is-stacked-on-mobile has-ast-global-color-7-background-color has-background\" style=\"border-radius:23px;padding-top:0;padding-right:var(--wp--preset--spacing--40);padding-bottom:0;padding-left:var(--wp--preset--spacing--40)\"><div class=\"wp-block-media-text__content\">\n<p class=\"has-ast-global-color-8-color has-text-color has-link-color has-medium-font-size wp-elements-a9e52d6706decba311adef0396eac772\"><strong>Nuestro Compromiso con Trujillo<\/strong><\/p>\n\n\n\n<p> No somos solo una empresa, sino que somos parte activa de la ciudad. Adem\u00e1s, nos enorgullece ser <strong>aliados estrat\u00e9gicos de la seguridad en Trujillo<\/strong>, contribuyendo a que <strong>hogares, empresas y organizaciones<\/strong> est\u00e9n mejor preparados frente a emergencias.<\/p>\n\n\n\n<p>\u2714 Profesionalismo<br>\u2714 Seriedad<br>\u2714 Confianza empresarial<br>\u2714 Diferenciaci\u00f3n frente a la competencia<\/p>\n<\/div><figure class=\"wp-block-media-text__media\"><img loading=\"lazy\" decoding=\"async\" width=\"1536\" height=\"1024\" src=\"https:\/\/www.recargadeextintoresentrujillo.online\/wp-content\/uploads\/2025\/09\/20250919_0043_Presentacion-de-Extintores_remix_01k5g7w5b7ea6sc9syhh1ztw7a.png\" alt=\"Venta de Extintores en Trujillo\" class=\"wp-image-193 size-full\"\/><\/figure><\/div>\n","protected":false},"excerpt":{"rendered":"<p>Recarga y Venta de Extintores en Trujillo Equipo t\u00e9cnico altamente capacitado y certificado Nuestra Misi\u00f3n Adem\u00e1s brindar tranquilidad a nuestros [&hellip;]<\/p>\n","protected":false},"author":1,"featured_media":0,"parent":0,"menu_order":0,"comment_status":"closed","ping_status":"closed","template":"","meta":{"_uag_custom_page_level_css":"","site-sidebar-layout":"default","site-content-layout":"","ast-site-content-layout":"default","site-content-style":"default","site-sidebar-style":"default","ast-global-header-display":"","ast-banner-title-visibility":"","ast-main-header-display":"","ast-hfb-above-header-display":"","ast-hfb-below-header-display":"","ast-hfb-mobile-header-display":"","site-post-title":"disabled","ast-breadcrumbs-content":"","ast-featured-img":"","footer-sml-layout":"","ast-disable-related-posts":"","theme-transparent-header-meta":"","adv-header-id-meta":"","stick-header-meta":"","header-above-stick-meta":"","header-main-stick-meta":"","header-below-stick-meta":"","astra-migrate-meta-layouts":"default","ast-page-background-enabled":"default","ast-page-background-meta":{"desktop":{"background-color":"var(--ast-global-color-5)","background-image":"","background-repeat":"repeat","background-position":"center center","background-size":"auto","background-attachment":"scroll","background-type":"","background-media":"","overlay-type":"","overlay-color":"","overlay-opacity":"","overlay-gradient":""},"tablet":{"background-color":"","background-image":"","background-repeat":"repeat","background-position":"center center","background-size":"auto","background-attachment":"scroll","background-type":"","background-media":"","overlay-type":"","overlay-color":"","overlay-opacity":"","overlay-gradient":""},"mobile":{"background-color":"","background-image":"","background-repeat":"repeat","background-position":"center center","background-size":"auto","background-attachment":"scroll","background-type":"","background-media":"","overlay-type":"","overlay-color":"","overlay-opacity":"","overlay-gradient":""}},"ast-content-background-meta":{"desktop":{"background-color":"var(--ast-global-color-4)","background-image":"","background-repeat":"repeat","background-position":"center center","background-size":"auto","background-attachment":"scroll","background-type":"","background-media":"","overlay-type":"","overlay-color":"","overlay-opacity":"","overlay-gradient":""},"tablet":{"background-color":"var(--ast-global-color-4)","background-image":"","background-repeat":"repeat","background-position":"center center","background-size":"auto","background-attachment":"scroll","background-type":"","background-media":"","overlay-type":"","overlay-color":"","overlay-opacity":"","overlay-gradient":""},"mobile":{"background-color":"var(--ast-global-color-4)","background-image":"","background-repeat":"repeat","background-position":"center center","background-size":"auto","background-attachment":"scroll","background-type":"","background-media":"","overlay-type":"","overlay-color":"","overlay-opacity":"","overlay-gradient":""}},"footnotes":""},"class_list":["post-29","page","type-page","status-publish","hentry"],"yoast_head":"<!-- This site is optimized with the Yoast SEO plugin v27.5 - https:\/\/yoast.com\/product\/yoast-seo-wordpress\/ -->\n<title>Venta de Extintores en Trujillo<\/title>\n<meta name=\"description\" content=\"Recarga y venta de extintores en Trujillo con certificaci\u00f3n INDECI. Servicio r\u00e1pido, seguro y garantizado para empresas, hogares y veh\u00edculos.\" \/>\n<meta name=\"robots\" content=\"index, follow, max-snippet:-1, max-image-preview:large, max-video-preview:-1\" \/>\n<link rel=\"canonical\" href=\"https:\/\/www.recargadeextintoresentrujillo.online\/?page_id=29\" \/>\n<meta property=\"og:locale\" content=\"es_ES\" \/>\n<meta property=\"og:type\" content=\"article\" \/>\n<meta property=\"og:title\" content=\"Venta de Extintores en Trujillo\" \/>\n<meta property=\"og:description\" content=\"Recarga y venta de extintores en Trujillo con certificaci\u00f3n INDECI. Servicio r\u00e1pido, seguro y garantizado para empresas, hogares y veh\u00edculos.\" \/>\n<meta property=\"og:url\" content=\"https:\/\/www.recargadeextintoresentrujillo.online\/?page_id=29\" \/>\n<meta property=\"og:site_name\" content=\"Recarga de Extintores en Trujillo \u2b50\ufe0f\u2b50\ufe0f\" \/>\n<meta property=\"article:modified_time\" content=\"2025-09-19T06:40:51+00:00\" \/>\n<meta property=\"og:image\" content=\"https:\/\/www.recargadeextintoresentrujillo.online\/wp-content\/uploads\/2025\/09\/20250919_0100_Tecnico-con-Extintor_remix_01k5g8wn5jf5p8bxta9wwh3jkp.png\" \/>\n\t<meta property=\"og:image:width\" content=\"1024\" \/>\n\t<meta property=\"og:image:height\" content=\"1024\" \/>\n\t<meta property=\"og:image:type\" content=\"image\/png\" \/>\n<meta name=\"twitter:card\" content=\"summary_large_image\" \/>\n<meta name=\"twitter:label1\" content=\"Tiempo de lectura\" \/>\n\t<meta name=\"twitter:data1\" content=\"3 minutos\" \/>\n<script type=\"application\/ld+json\" class=\"yoast-schema-graph\">{\"@context\":\"https:\\\/\\\/schema.org\",\"@graph\":[{\"@type\":\"WebPage\",\"@id\":\"https:\\\/\\\/www.recargadeextintoresentrujillo.online\\\/?page_id=29\",\"url\":\"https:\\\/\\\/www.recargadeextintoresentrujillo.online\\\/?page_id=29\",\"name\":\"Venta de Extintores en Trujillo\",\"isPartOf\":{\"@id\":\"https:\\\/\\\/www.recargadeextintoresentrujillo.online\\\/#website\"},\"primaryImageOfPage\":{\"@id\":\"https:\\\/\\\/www.recargadeextintoresentrujillo.online\\\/?page_id=29#primaryimage\"},\"image\":{\"@id\":\"https:\\\/\\\/www.recargadeextintoresentrujillo.online\\\/?page_id=29#primaryimage\"},\"thumbnailUrl\":\"https:\\\/\\\/www.recargadeextintoresentrujillo.online\\\/wp-content\\\/uploads\\\/2025\\\/09\\\/20250919_0100_Tecnico-con-Extintor_remix_01k5g8wn5jf5p8bxta9wwh3jkp.png\",\"datePublished\":\"2025-09-13T06:06:54+00:00\",\"dateModified\":\"2025-09-19T06:40:51+00:00\",\"description\":\"Recarga y venta de extintores en Trujillo con certificaci\u00f3n INDECI. Servicio r\u00e1pido, seguro y garantizado para empresas, hogares y veh\u00edculos.\",\"breadcrumb\":{\"@id\":\"https:\\\/\\\/www.recargadeextintoresentrujillo.online\\\/?page_id=29#breadcrumb\"},\"inLanguage\":\"es\",\"potentialAction\":[{\"@type\":\"ReadAction\",\"target\":[\"https:\\\/\\\/www.recargadeextintoresentrujillo.online\\\/?page_id=29\"]}]},{\"@type\":\"ImageObject\",\"inLanguage\":\"es\",\"@id\":\"https:\\\/\\\/www.recargadeextintoresentrujillo.online\\\/?page_id=29#primaryimage\",\"url\":\"https:\\\/\\\/www.recargadeextintoresentrujillo.online\\\/wp-content\\\/uploads\\\/2025\\\/09\\\/20250919_0100_Tecnico-con-Extintor_remix_01k5g8wn5jf5p8bxta9wwh3jkp.png\",\"contentUrl\":\"https:\\\/\\\/www.recargadeextintoresentrujillo.online\\\/wp-content\\\/uploads\\\/2025\\\/09\\\/20250919_0100_Tecnico-con-Extintor_remix_01k5g8wn5jf5p8bxta9wwh3jkp.png\",\"width\":1024,\"height\":1024,\"caption\":\"venta de extintores\"},{\"@type\":\"BreadcrumbList\",\"@id\":\"https:\\\/\\\/www.recargadeextintoresentrujillo.online\\\/?page_id=29#breadcrumb\",\"itemListElement\":[{\"@type\":\"ListItem\",\"position\":1,\"name\":\"Portada\",\"item\":\"https:\\\/\\\/www.recargadeextintoresentrujillo.online\\\/\"},{\"@type\":\"ListItem\",\"position\":2,\"name\":\"NOSOTROS\"}]},{\"@type\":\"WebSite\",\"@id\":\"https:\\\/\\\/www.recargadeextintoresentrujillo.online\\\/#website\",\"url\":\"https:\\\/\\\/www.recargadeextintoresentrujillo.online\\\/\",\"name\":\"Recarga de Extintores en Trujillo \u2b50\ufe0f\u2b50\ufe0f\",\"description\":\"En Extintores Extilin, nos dedicamos a garantizar que tus extintores est\u00e9n siempre listos para actuar cuando m\u00e1s los necesites. Con m\u00e1s de 10 a\u00f1os de experiencia en Trujillo, ofrecemos un servicio profesional, r\u00e1pido y confiable.\",\"publisher\":{\"@id\":\"https:\\\/\\\/www.recargadeextintoresentrujillo.online\\\/#organization\"},\"potentialAction\":[{\"@type\":\"SearchAction\",\"target\":{\"@type\":\"EntryPoint\",\"urlTemplate\":\"https:\\\/\\\/www.recargadeextintoresentrujillo.online\\\/?s={search_term_string}\"},\"query-input\":{\"@type\":\"PropertyValueSpecification\",\"valueRequired\":true,\"valueName\":\"search_term_string\"}}],\"inLanguage\":\"es\"},{\"@type\":\"Organization\",\"@id\":\"https:\\\/\\\/www.recargadeextintoresentrujillo.online\\\/#organization\",\"name\":\"Recarga de Extintores en Trujillo \u2b50\ufe0f\u2b50\ufe0f\",\"url\":\"https:\\\/\\\/www.recargadeextintoresentrujillo.online\\\/\",\"logo\":{\"@type\":\"ImageObject\",\"inLanguage\":\"es\",\"@id\":\"https:\\\/\\\/www.recargadeextintoresentrujillo.online\\\/#\\\/schema\\\/logo\\\/image\\\/\",\"url\":\"https:\\\/\\\/www.recargadeextintoresentrujillo.online\\\/wp-content\\\/uploads\\\/2025\\\/09\\\/Diseno-sin-titulo-13.png\",\"contentUrl\":\"https:\\\/\\\/www.recargadeextintoresentrujillo.online\\\/wp-content\\\/uploads\\\/2025\\\/09\\\/Diseno-sin-titulo-13.png\",\"width\":1200,\"height\":1200,\"caption\":\"Recarga de Extintores en Trujillo  \u2b50\ufe0f\u2b50\ufe0f\"},\"image\":{\"@id\":\"https:\\\/\\\/www.recargadeextintoresentrujillo.online\\\/#\\\/schema\\\/logo\\\/image\\\/\"}}]}<\/script>\n<!-- \/ Yoast SEO plugin. -->","yoast_head_json":{"title":"Venta de Extintores en Trujillo","description":"Recarga y venta de extintores en Trujillo con certificaci\u00f3n INDECI. Servicio r\u00e1pido, seguro y garantizado para empresas, hogares y veh\u00edculos.","robots":{"index":"index","follow":"follow","max-snippet":"max-snippet:-1","max-image-preview":"max-image-preview:large","max-video-preview":"max-video-preview:-1"},"canonical":"https:\/\/www.recargadeextintoresentrujillo.online\/?page_id=29","og_locale":"es_ES","og_type":"article","og_title":"Venta de Extintores en Trujillo","og_description":"Recarga y venta de extintores en Trujillo con certificaci\u00f3n INDECI. Servicio r\u00e1pido, seguro y garantizado para empresas, hogares y veh\u00edculos.","og_url":"https:\/\/www.recargadeextintoresentrujillo.online\/?page_id=29","og_site_name":"Recarga de Extintores en Trujillo \u2b50\ufe0f\u2b50\ufe0f","article_modified_time":"2025-09-19T06:40:51+00:00","og_image":[{"width":1024,"height":1024,"url":"https:\/\/www.recargadeextintoresentrujillo.online\/wp-content\/uploads\/2025\/09\/20250919_0100_Tecnico-con-Extintor_remix_01k5g8wn5jf5p8bxta9wwh3jkp.png","type":"image\/png"}],"twitter_card":"summary_large_image","twitter_misc":{"Tiempo de lectura":"3 minutos"},"schema":{"@context":"https:\/\/schema.org","@graph":[{"@type":"WebPage","@id":"https:\/\/www.recargadeextintoresentrujillo.online\/?page_id=29","url":"https:\/\/www.recargadeextintoresentrujillo.online\/?page_id=29","name":"Venta de Extintores en Trujillo","isPartOf":{"@id":"https:\/\/www.recargadeextintoresentrujillo.online\/#website"},"primaryImageOfPage":{"@id":"https:\/\/www.recargadeextintoresentrujillo.online\/?page_id=29#primaryimage"},"image":{"@id":"https:\/\/www.recargadeextintoresentrujillo.online\/?page_id=29#primaryimage"},"thumbnailUrl":"https:\/\/www.recargadeextintoresentrujillo.online\/wp-content\/uploads\/2025\/09\/20250919_0100_Tecnico-con-Extintor_remix_01k5g8wn5jf5p8bxta9wwh3jkp.png","datePublished":"2025-09-13T06:06:54+00:00","dateModified":"2025-09-19T06:40:51+00:00","description":"Recarga y venta de extintores en Trujillo con certificaci\u00f3n INDECI. Servicio r\u00e1pido, seguro y garantizado para empresas, hogares y veh\u00edculos.","breadcrumb":{"@id":"https:\/\/www.recargadeextintoresentrujillo.online\/?page_id=29#breadcrumb"},"inLanguage":"es","potentialAction":[{"@type":"ReadAction","target":["https:\/\/www.recargadeextintoresentrujillo.online\/?page_id=29"]}]},{"@type":"ImageObject","inLanguage":"es","@id":"https:\/\/www.recargadeextintoresentrujillo.online\/?page_id=29#primaryimage","url":"https:\/\/www.recargadeextintoresentrujillo.online\/wp-content\/uploads\/2025\/09\/20250919_0100_Tecnico-con-Extintor_remix_01k5g8wn5jf5p8bxta9wwh3jkp.png","contentUrl":"https:\/\/www.recargadeextintoresentrujillo.online\/wp-content\/uploads\/2025\/09\/20250919_0100_Tecnico-con-Extintor_remix_01k5g8wn5jf5p8bxta9wwh3jkp.png","width":1024,"height":1024,"caption":"venta de extintores"},{"@type":"BreadcrumbList","@id":"https:\/\/www.recargadeextintoresentrujillo.online\/?page_id=29#breadcrumb","itemListElement":[{"@type":"ListItem","position":1,"name":"Portada","item":"https:\/\/www.recargadeextintoresentrujillo.online\/"},{"@type":"ListItem","position":2,"name":"NOSOTROS"}]},{"@type":"WebSite","@id":"https:\/\/www.recargadeextintoresentrujillo.online\/#website","url":"https:\/\/www.recargadeextintoresentrujillo.online\/","name":"Recarga de Extintores en Trujillo \u2b50\ufe0f\u2b50\ufe0f","description":"En Extintores Extilin, nos dedicamos a garantizar que tus extintores est\u00e9n siempre listos para actuar cuando m\u00e1s los necesites. Con m\u00e1s de 10 a\u00f1os de experiencia en Trujillo, ofrecemos un servicio profesional, r\u00e1pido y confiable.","publisher":{"@id":"https:\/\/www.recargadeextintoresentrujillo.online\/#organization"},"potentialAction":[{"@type":"SearchAction","target":{"@type":"EntryPoint","urlTemplate":"https:\/\/www.recargadeextintoresentrujillo.online\/?s={search_term_string}"},"query-input":{"@type":"PropertyValueSpecification","valueRequired":true,"valueName":"search_term_string"}}],"inLanguage":"es"},{"@type":"Organization","@id":"https:\/\/www.recargadeextintoresentrujillo.online\/#organization","name":"Recarga de Extintores en Trujillo \u2b50\ufe0f\u2b50\ufe0f","url":"https:\/\/www.recargadeextintoresentrujillo.online\/","logo":{"@type":"ImageObject","inLanguage":"es","@id":"https:\/\/www.recargadeextintoresentrujillo.online\/#\/schema\/logo\/image\/","url":"https:\/\/www.recargadeextintoresentrujillo.online\/wp-content\/uploads\/2025\/09\/Diseno-sin-titulo-13.png","contentUrl":"https:\/\/www.recargadeextintoresentrujillo.online\/wp-content\/uploads\/2025\/09\/Diseno-sin-titulo-13.png","width":1200,"height":1200,"caption":"Recarga de Extintores en Trujillo  \u2b50\ufe0f\u2b50\ufe0f"},"image":{"@id":"https:\/\/www.recargadeextintoresentrujillo.online\/#\/schema\/logo\/image\/"}}]}},"uagb_featured_image_src":{"full":false,"thumbnail":false,"medium":false,"medium_large":false,"large":false,"1536x1536":false,"2048x2048":false},"uagb_author_info":{"display_name":"extintores en trujillo","author_link":"https:\/\/www.recargadeextintoresentrujillo.online\/?author=1"},"uagb_comment_info":0,"uagb_excerpt":"Recarga y Venta de Extintores en Trujillo Equipo t\u00e9cnico altamente capacitado y certificado Nuestra Misi\u00f3n Adem\u00e1s brindar tranquilidad a nuestros [&hellip;]","_links":{"self":[{"href":"https:\/\/www.recargadeextintoresentrujillo.online\/index.php?rest_route=\/wp\/v2\/pages\/29","targetHints":{"allow":["GET"]}}],"collection":[{"href":"https:\/\/www.recargadeextintoresentrujillo.online\/index.php?rest_route=\/wp\/v2\/pages"}],"about":[{"href":"https:\/\/www.recargadeextintoresentrujillo.online\/index.php?rest_route=\/wp\/v2\/types\/page"}],"author":[{"embeddable":true,"href":"https:\/\/www.recargadeextintoresentrujillo.online\/index.php?rest_route=\/wp\/v2\/users\/1"}],"replies":[{"embeddable":true,"href":"https:\/\/www.recargadeextintoresentrujillo.online\/index.php?rest_route=%2Fwp%2Fv2%2Fcomments&post=29"}],"version-history":[{"count":13,"href":"https:\/\/www.recargadeextintoresentrujillo.online\/index.php?rest_route=\/wp\/v2\/pages\/29\/revisions"}],"predecessor-version":[{"id":220,"href":"https:\/\/www.recargadeextintoresentrujillo.online\/index.php?rest_route=\/wp\/v2\/pages\/29\/revisions\/220"}],"wp:attachment":[{"href":"https:\/\/www.recargadeextintoresentrujillo.online\/index.php?rest_route=%2Fwp%2Fv2%2Fmedia&parent=29"}],"curies":[{"name":"wp","href":"https:\/\/api.w.org\/{rel}","templated":true}]}}