{"id":268,"date":"2026-02-05T22:57:50","date_gmt":"2026-02-05T22:57:50","guid":{"rendered":"https:\/\/www.recargadeextintoresentrujillo.online\/?page_id=268"},"modified":"2026-02-09T08:19:52","modified_gmt":"2026-02-09T08:19:52","slug":"extintores-ul-certificados","status":"publish","type":"page","link":"https:\/\/www.recargadeextintoresentrujillo.online\/?page_id=268","title":{"rendered":"Extintores UL"},"content":{"rendered":"\n<div class=\"wp-block-columns is-layout-flex wp-container-core-columns-is-layout-28f84493 wp-block-columns-is-layout-flex\">\n<div class=\"wp-block-column is-layout-flow wp-block-column-is-layout-flow\">\n<h2 class=\"wp-block-heading has-text-align-center\">Extintores UL Certificados para la Protecci\u00f3n Integral<\/h2>\n\n\n\n<p class=\"has-text-align-center\">En primer lugar, los <strong>extintores UL certificados<\/strong> representan un elemento esencial en cualquier sistema de seguridad contra incendios. Gracias a su certificaci\u00f3n internacional, estos equipos cumplen con rigurosos est\u00e1ndares de calidad, desempe\u00f1o y confiabilidad, garantizando una respuesta eficaz ante situaciones de emergencia.<\/p>\n<\/div>\n<\/div>\n\n\n\n<div class=\"wp-block-columns is-layout-flex wp-container-core-columns-is-layout-28f84493 wp-block-columns-is-layout-flex\">\n<div class=\"wp-block-column is-layout-flow wp-block-column-is-layout-flow\">\n<figure class=\"wp-block-image size-full\"><img loading=\"lazy\" decoding=\"async\" width=\"1200\" height=\"1200\" src=\"https:\/\/www.recargadeextintoresentrujillo.online\/wp-content\/uploads\/2026\/02\/Extintor-Pqs-ul-5-lb.png\" alt=\"Extintores UL Certificados \" class=\"wp-image-314\"\/><\/figure>\n\n\n\n<h4 class=\"wp-block-heading\">Extintor UL 5lb<\/h4>\n\n\n\n<p class=\"has-text-align-left\"><strong>S\/. 350.00<\/strong><\/p>\n\n\n\n<div class=\"wp-block-buttons is-layout-flex wp-block-buttons-is-layout-flex\">\n<div class=\"wp-block-button\"><a class=\"wp-block-button__link has-background has-text-align-center wp-element-button\" href=\"https:\/\/wa.link\/o28wjc\" style=\"background-color:#00a45a\">COMPRAR<\/a><\/div>\n<\/div>\n<\/div>\n\n\n\n<div class=\"wp-block-column is-layout-flow wp-block-column-is-layout-flow\">\n<figure class=\"wp-block-image size-full\"><img loading=\"lazy\" decoding=\"async\" width=\"1200\" height=\"1200\" src=\"https:\/\/www.recargadeextintoresentrujillo.online\/wp-content\/uploads\/2026\/02\/Extintor-Pqs-ul-10-lb.png\" alt=\"Extintores UL Certificados \" class=\"wp-image-316\"\/><\/figure>\n\n\n\n<h4 class=\"wp-block-heading\">Extintor UL 10lb<\/h4>\n\n\n\n<p class=\"has-text-align-left\"><strong>S\/. 550.00<\/strong><\/p>\n\n\n\n<div class=\"wp-block-buttons is-layout-flex wp-block-buttons-is-layout-flex\">\n<div class=\"wp-block-button\"><a class=\"wp-block-button__link has-background has-text-align-center wp-element-button\" href=\"https:\/\/wa.link\/o28wjc\" style=\"background-color:#00a45a\">COMPRAR<\/a><\/div>\n<\/div>\n<\/div>\n\n\n\n<div class=\"wp-block-column is-layout-flow wp-block-column-is-layout-flow\">\n<figure class=\"wp-block-image size-full\"><img loading=\"lazy\" decoding=\"async\" width=\"1200\" height=\"1200\" src=\"https:\/\/www.recargadeextintoresentrujillo.online\/wp-content\/uploads\/2026\/02\/Extintor-Pqs-ul-20-lb.png\" alt=\"Extintores UL Certificados\" class=\"wp-image-317\"\/><\/figure>\n\n\n\n<h2 class=\"wp-block-heading\">Extintor UL 20lb<\/h2>\n\n\n\n<p class=\"has-text-align-center\"><strong>S\/. 1200.00<\/strong><\/p>\n\n\n\n<div class=\"wp-block-buttons is-layout-flex wp-block-buttons-is-layout-flex\">\n<div class=\"wp-block-button\"><a class=\"wp-block-button__link has-background has-text-align-center wp-element-button\" href=\"https:\/\/wa.link\/o28wjc\" style=\"background-color:#00a45a\">COMPRAR<\/a><\/div>\n<\/div>\n<\/div>\n\n\n\n<div class=\"wp-block-column is-layout-flow wp-block-column-is-layout-flow\">\n<figure class=\"wp-block-image size-full\"><img loading=\"lazy\" decoding=\"async\" width=\"1200\" height=\"1200\" src=\"https:\/\/www.recargadeextintoresentrujillo.online\/wp-content\/uploads\/2026\/02\/Extintor-Pqs-ul-30-lb.png\" alt=\"\" class=\"wp-image-318\"\/><\/figure>\n\n\n\n<h4 class=\"wp-block-heading\">Extintor UL 30lb<\/h4>\n\n\n\n<p class=\"has-text-align-left\"><strong>S\/. 1800.00<\/strong><\/p>\n\n\n\n<div class=\"wp-block-buttons is-layout-flex wp-block-buttons-is-layout-flex\">\n<div class=\"wp-block-button\"><a class=\"wp-block-button__link has-background has-text-align-center wp-element-button\" href=\"https:\/\/wa.link\/o28wjc\" style=\"background-color:#00a45a\">COMPRAR<\/a><\/div>\n<\/div>\n<\/div>\n<\/div>\n\n\n\n<h2 class=\"wp-block-heading has-text-align-center has-ast-global-color-4-color has-vivid-red-background-color has-text-color has-background has-link-color wp-elements-227f044e62fbf48ad4de5e0bd59793c7\">EXTINTORES CO2 UL<\/h2>\n\n\n\n<div class=\"wp-block-columns is-layout-flex wp-container-core-columns-is-layout-28f84493 wp-block-columns-is-layout-flex\">\n<div class=\"wp-block-column is-layout-flow wp-block-column-is-layout-flow\">\n<figure class=\"wp-block-image size-full\"><img loading=\"lazy\" decoding=\"async\" width=\"1536\" height=\"1024\" src=\"https:\/\/www.recargadeextintoresentrujillo.online\/wp-content\/uploads\/2026\/02\/Diseno-sin-titulo-20.png\" alt=\"\" class=\"wp-image-319\"\/><\/figure>\n\n\n\n<h4 class=\"wp-block-heading\">Extintor CO2 &#8211; UL 10lb<\/h4>\n\n\n\n<p class=\"has-text-align-left\"><strong>S\/. 1100.00<\/strong><\/p>\n\n\n\n<div class=\"wp-block-buttons is-layout-flex wp-block-buttons-is-layout-flex\">\n<div class=\"wp-block-button\"><a class=\"wp-block-button__link has-background wp-element-button\" href=\"https:\/\/wa.link\/o28wjc\" style=\"background-color:#00a45a\">COMPRAR<\/a><\/div>\n<\/div>\n<\/div>\n\n\n\n<div class=\"wp-block-column is-layout-flow wp-block-column-is-layout-flow\">\n<figure class=\"wp-block-image size-full\"><img loading=\"lazy\" decoding=\"async\" width=\"1536\" height=\"1024\" src=\"https:\/\/www.recargadeextintoresentrujillo.online\/wp-content\/uploads\/2026\/02\/Diseno-sin-titulo-21.png\" alt=\"\" class=\"wp-image-320\"\/><\/figure>\n\n\n\n<h4 class=\"wp-block-heading\">Extintor CO2 &#8211; UL 15lb<\/h4>\n\n\n\n<p class=\"has-text-align-left\"><strong>S\/. 1500.00<\/strong><\/p>\n\n\n\n<div class=\"wp-block-buttons is-layout-flex wp-block-buttons-is-layout-flex\">\n<div class=\"wp-block-button\"><a class=\"wp-block-button__link has-background wp-element-button\" href=\"https:\/\/wa.link\/o28wjc\" style=\"background-color:#00a45a\">COMPRAR<\/a><\/div>\n<\/div>\n<\/div>\n\n\n\n<div class=\"wp-block-column is-layout-flow wp-block-column-is-layout-flow\">\n<figure class=\"wp-block-image size-full\"><img loading=\"lazy\" decoding=\"async\" width=\"1536\" height=\"1024\" src=\"https:\/\/www.recargadeextintoresentrujillo.online\/wp-content\/uploads\/2026\/02\/Diseno-sin-titulo-22.png\" alt=\"\" class=\"wp-image-321\"\/><\/figure>\n\n\n\n<h4 class=\"wp-block-heading\"><strong>Extintor CO2 &#8211; UL 20lb<\/strong><\/h4>\n\n\n\n<p class=\"has-text-align-left\"><strong>S\/. 1800.00<\/strong><\/p>\n\n\n\n<div class=\"wp-block-buttons is-layout-flex wp-block-buttons-is-layout-flex\">\n<div class=\"wp-block-button\"><a class=\"wp-block-button__link has-background wp-element-button\" href=\"https:\/\/wa.link\/o28wjc\" style=\"background-color:#00a45a\">COMPRAR<\/a><\/div>\n<\/div>\n<\/div>\n<\/div>\n\n\n\n<p><a href=\"https:\/\/www.recargadeextintoresentrujillo.online\/\">MAS INFORMACION<\/a><\/p>\n","protected":false},"excerpt":{"rendered":"<p>Extintores UL Certificados para la Protecci\u00f3n Integral En primer lugar, los extintores UL certificados representan un elemento esencial en cualquier [&hellip;]<\/p>\n","protected":false},"author":1,"featured_media":0,"parent":0,"menu_order":0,"comment_status":"closed","ping_status":"closed","template":"","meta":{"_uag_custom_page_level_css":"","site-sidebar-layout":"default","site-content-layout":"","ast-site-content-layout":"default","site-content-style":"default","site-sidebar-style":"default","ast-global-header-display":"","ast-banner-title-visibility":"","ast-main-header-display":"","ast-hfb-above-header-display":"","ast-hfb-below-header-display":"","ast-hfb-mobile-header-display":"","site-post-title":"","ast-breadcrumbs-content":"","ast-featured-img":"","footer-sml-layout":"","ast-disable-related-posts":"","theme-transparent-header-meta":"","adv-header-id-meta":"","stick-header-meta":"","header-above-stick-meta":"","header-main-stick-meta":"","header-below-stick-meta":"","astra-migrate-meta-layouts":"default","ast-page-background-enabled":"default","ast-page-background-meta":{"desktop":{"background-color":"var(--ast-global-color-5)","background-image":"","background-repeat":"repeat","background-position":"center center","background-size":"auto","background-attachment":"scroll","background-type":"","background-media":"","overlay-type":"","overlay-color":"","overlay-opacity":"","overlay-gradient":""},"tablet":{"background-color":"","background-image":"","background-repeat":"repeat","background-position":"center center","background-size":"auto","background-attachment":"scroll","background-type":"","background-media":"","overlay-type":"","overlay-color":"","overlay-opacity":"","overlay-gradient":""},"mobile":{"background-color":"","background-image":"","background-repeat":"repeat","background-position":"center center","background-size":"auto","background-attachment":"scroll","background-type":"","background-media":"","overlay-type":"","overlay-color":"","overlay-opacity":"","overlay-gradient":""}},"ast-content-background-meta":{"desktop":{"background-color":"var(--ast-global-color-4)","background-image":"","background-repeat":"repeat","background-position":"center center","background-size":"auto","background-attachment":"scroll","background-type":"","background-media":"","overlay-type":"","overlay-color":"","overlay-opacity":"","overlay-gradient":""},"tablet":{"background-color":"var(--ast-global-color-4)","background-image":"","background-repeat":"repeat","background-position":"center center","background-size":"auto","background-attachment":"scroll","background-type":"","background-media":"","overlay-type":"","overlay-color":"","overlay-opacity":"","overlay-gradient":""},"mobile":{"background-color":"var(--ast-global-color-4)","background-image":"","background-repeat":"repeat","background-position":"center center","background-size":"auto","background-attachment":"scroll","background-type":"","background-media":"","overlay-type":"","overlay-color":"","overlay-opacity":"","overlay-gradient":""}},"footnotes":""},"class_list":["post-268","page","type-page","status-publish","hentry"],"yoast_head":"<!-- This site is optimized with the Yoast SEO plugin v27.5 - https:\/\/yoast.com\/product\/yoast-seo-wordpress\/ -->\n<title>Extintores UL Certificados<\/title>\n<meta name=\"description\" content=\"&quot;Compra extintores certificados UL de m\u00e1xima fiabilidad. Equipos aprobados para auditor\u00edas, cumplimiento NFPA 10 y uso industrial.\" \/>\n<meta name=\"robots\" content=\"index, follow, max-snippet:-1, max-image-preview:large, max-video-preview:-1\" \/>\n<link rel=\"canonical\" href=\"https:\/\/www.recargadeextintoresentrujillo.online\/?page_id=268\" \/>\n<meta property=\"og:locale\" content=\"es_ES\" \/>\n<meta property=\"og:type\" content=\"article\" \/>\n<meta property=\"og:title\" content=\"Extintores UL Certificados\" \/>\n<meta property=\"og:description\" content=\"&quot;Compra extintores certificados UL de m\u00e1xima fiabilidad. Equipos aprobados para auditor\u00edas, cumplimiento NFPA 10 y uso industrial.\" \/>\n<meta property=\"og:url\" content=\"https:\/\/www.recargadeextintoresentrujillo.online\/?page_id=268\" \/>\n<meta property=\"og:site_name\" content=\"Recarga de Extintores en Trujillo \u2b50\ufe0f\u2b50\ufe0f\" \/>\n<meta property=\"article:modified_time\" content=\"2026-02-09T08:19:52+00:00\" \/>\n<meta property=\"og:image\" content=\"https:\/\/www.recargadeextintoresentrujillo.online\/wp-content\/uploads\/2026\/02\/Extintor-Pqs-ul-5-lb.png\" \/>\n\t<meta property=\"og:image:width\" content=\"1200\" \/>\n\t<meta property=\"og:image:height\" content=\"1200\" \/>\n\t<meta property=\"og:image:type\" content=\"image\/png\" \/>\n<meta name=\"twitter:card\" content=\"summary_large_image\" \/>\n<meta name=\"twitter:label1\" content=\"Tiempo de lectura\" \/>\n\t<meta name=\"twitter:data1\" content=\"2 minutos\" \/>\n<script type=\"application\/ld+json\" class=\"yoast-schema-graph\">{\"@context\":\"https:\\\/\\\/schema.org\",\"@graph\":[{\"@type\":\"WebPage\",\"@id\":\"https:\\\/\\\/www.recargadeextintoresentrujillo.online\\\/?page_id=268\",\"url\":\"https:\\\/\\\/www.recargadeextintoresentrujillo.online\\\/?page_id=268\",\"name\":\"Extintores UL Certificados\",\"isPartOf\":{\"@id\":\"https:\\\/\\\/www.recargadeextintoresentrujillo.online\\\/#website\"},\"primaryImageOfPage\":{\"@id\":\"https:\\\/\\\/www.recargadeextintoresentrujillo.online\\\/?page_id=268#primaryimage\"},\"image\":{\"@id\":\"https:\\\/\\\/www.recargadeextintoresentrujillo.online\\\/?page_id=268#primaryimage\"},\"thumbnailUrl\":\"https:\\\/\\\/www.recargadeextintoresentrujillo.online\\\/wp-content\\\/uploads\\\/2026\\\/02\\\/Extintor-Pqs-ul-5-lb.png\",\"datePublished\":\"2026-02-05T22:57:50+00:00\",\"dateModified\":\"2026-02-09T08:19:52+00:00\",\"description\":\"\\\"Compra extintores certificados UL de m\u00e1xima fiabilidad. Equipos aprobados para auditor\u00edas, cumplimiento NFPA 10 y uso industrial.\",\"breadcrumb\":{\"@id\":\"https:\\\/\\\/www.recargadeextintoresentrujillo.online\\\/?page_id=268#breadcrumb\"},\"inLanguage\":\"es\",\"potentialAction\":[{\"@type\":\"ReadAction\",\"target\":[\"https:\\\/\\\/www.recargadeextintoresentrujillo.online\\\/?page_id=268\"]}]},{\"@type\":\"ImageObject\",\"inLanguage\":\"es\",\"@id\":\"https:\\\/\\\/www.recargadeextintoresentrujillo.online\\\/?page_id=268#primaryimage\",\"url\":\"https:\\\/\\\/www.recargadeextintoresentrujillo.online\\\/wp-content\\\/uploads\\\/2026\\\/02\\\/Extintor-Pqs-ul-5-lb.png\",\"contentUrl\":\"https:\\\/\\\/www.recargadeextintoresentrujillo.online\\\/wp-content\\\/uploads\\\/2026\\\/02\\\/Extintor-Pqs-ul-5-lb.png\",\"width\":1200,\"height\":1200,\"caption\":\"Extintores UL Certificados\"},{\"@type\":\"BreadcrumbList\",\"@id\":\"https:\\\/\\\/www.recargadeextintoresentrujillo.online\\\/?page_id=268#breadcrumb\",\"itemListElement\":[{\"@type\":\"ListItem\",\"position\":1,\"name\":\"Portada\",\"item\":\"https:\\\/\\\/www.recargadeextintoresentrujillo.online\\\/\"},{\"@type\":\"ListItem\",\"position\":2,\"name\":\"Extintores UL\"}]},{\"@type\":\"WebSite\",\"@id\":\"https:\\\/\\\/www.recargadeextintoresentrujillo.online\\\/#website\",\"url\":\"https:\\\/\\\/www.recargadeextintoresentrujillo.online\\\/\",\"name\":\"Recarga de Extintores en Trujillo \u2b50\ufe0f\u2b50\ufe0f\",\"description\":\"En Extintores Extilin, nos dedicamos a garantizar que tus extintores est\u00e9n siempre listos para actuar cuando m\u00e1s los necesites. Con m\u00e1s de 10 a\u00f1os de experiencia en Trujillo, ofrecemos un servicio profesional, r\u00e1pido y confiable.\",\"publisher\":{\"@id\":\"https:\\\/\\\/www.recargadeextintoresentrujillo.online\\\/#organization\"},\"potentialAction\":[{\"@type\":\"SearchAction\",\"target\":{\"@type\":\"EntryPoint\",\"urlTemplate\":\"https:\\\/\\\/www.recargadeextintoresentrujillo.online\\\/?s={search_term_string}\"},\"query-input\":{\"@type\":\"PropertyValueSpecification\",\"valueRequired\":true,\"valueName\":\"search_term_string\"}}],\"inLanguage\":\"es\"},{\"@type\":\"Organization\",\"@id\":\"https:\\\/\\\/www.recargadeextintoresentrujillo.online\\\/#organization\",\"name\":\"Recarga de Extintores en Trujillo \u2b50\ufe0f\u2b50\ufe0f\",\"url\":\"https:\\\/\\\/www.recargadeextintoresentrujillo.online\\\/\",\"logo\":{\"@type\":\"ImageObject\",\"inLanguage\":\"es\",\"@id\":\"https:\\\/\\\/www.recargadeextintoresentrujillo.online\\\/#\\\/schema\\\/logo\\\/image\\\/\",\"url\":\"https:\\\/\\\/www.recargadeextintoresentrujillo.online\\\/wp-content\\\/uploads\\\/2025\\\/09\\\/Diseno-sin-titulo-13.png\",\"contentUrl\":\"https:\\\/\\\/www.recargadeextintoresentrujillo.online\\\/wp-content\\\/uploads\\\/2025\\\/09\\\/Diseno-sin-titulo-13.png\",\"width\":1200,\"height\":1200,\"caption\":\"Recarga de Extintores en Trujillo  \u2b50\ufe0f\u2b50\ufe0f\"},\"image\":{\"@id\":\"https:\\\/\\\/www.recargadeextintoresentrujillo.online\\\/#\\\/schema\\\/logo\\\/image\\\/\"}}]}<\/script>\n<!-- \/ Yoast SEO plugin. -->","yoast_head_json":{"title":"Extintores UL Certificados","description":"\"Compra extintores certificados UL de m\u00e1xima fiabilidad. Equipos aprobados para auditor\u00edas, cumplimiento NFPA 10 y uso industrial.","robots":{"index":"index","follow":"follow","max-snippet":"max-snippet:-1","max-image-preview":"max-image-preview:large","max-video-preview":"max-video-preview:-1"},"canonical":"https:\/\/www.recargadeextintoresentrujillo.online\/?page_id=268","og_locale":"es_ES","og_type":"article","og_title":"Extintores UL Certificados","og_description":"\"Compra extintores certificados UL de m\u00e1xima fiabilidad. Equipos aprobados para auditor\u00edas, cumplimiento NFPA 10 y uso industrial.","og_url":"https:\/\/www.recargadeextintoresentrujillo.online\/?page_id=268","og_site_name":"Recarga de Extintores en Trujillo \u2b50\ufe0f\u2b50\ufe0f","article_modified_time":"2026-02-09T08:19:52+00:00","og_image":[{"width":1200,"height":1200,"url":"https:\/\/www.recargadeextintoresentrujillo.online\/wp-content\/uploads\/2026\/02\/Extintor-Pqs-ul-5-lb.png","type":"image\/png"}],"twitter_card":"summary_large_image","twitter_misc":{"Tiempo de lectura":"2 minutos"},"schema":{"@context":"https:\/\/schema.org","@graph":[{"@type":"WebPage","@id":"https:\/\/www.recargadeextintoresentrujillo.online\/?page_id=268","url":"https:\/\/www.recargadeextintoresentrujillo.online\/?page_id=268","name":"Extintores UL Certificados","isPartOf":{"@id":"https:\/\/www.recargadeextintoresentrujillo.online\/#website"},"primaryImageOfPage":{"@id":"https:\/\/www.recargadeextintoresentrujillo.online\/?page_id=268#primaryimage"},"image":{"@id":"https:\/\/www.recargadeextintoresentrujillo.online\/?page_id=268#primaryimage"},"thumbnailUrl":"https:\/\/www.recargadeextintoresentrujillo.online\/wp-content\/uploads\/2026\/02\/Extintor-Pqs-ul-5-lb.png","datePublished":"2026-02-05T22:57:50+00:00","dateModified":"2026-02-09T08:19:52+00:00","description":"\"Compra extintores certificados UL de m\u00e1xima fiabilidad. Equipos aprobados para auditor\u00edas, cumplimiento NFPA 10 y uso industrial.","breadcrumb":{"@id":"https:\/\/www.recargadeextintoresentrujillo.online\/?page_id=268#breadcrumb"},"inLanguage":"es","potentialAction":[{"@type":"ReadAction","target":["https:\/\/www.recargadeextintoresentrujillo.online\/?page_id=268"]}]},{"@type":"ImageObject","inLanguage":"es","@id":"https:\/\/www.recargadeextintoresentrujillo.online\/?page_id=268#primaryimage","url":"https:\/\/www.recargadeextintoresentrujillo.online\/wp-content\/uploads\/2026\/02\/Extintor-Pqs-ul-5-lb.png","contentUrl":"https:\/\/www.recargadeextintoresentrujillo.online\/wp-content\/uploads\/2026\/02\/Extintor-Pqs-ul-5-lb.png","width":1200,"height":1200,"caption":"Extintores UL Certificados"},{"@type":"BreadcrumbList","@id":"https:\/\/www.recargadeextintoresentrujillo.online\/?page_id=268#breadcrumb","itemListElement":[{"@type":"ListItem","position":1,"name":"Portada","item":"https:\/\/www.recargadeextintoresentrujillo.online\/"},{"@type":"ListItem","position":2,"name":"Extintores UL"}]},{"@type":"WebSite","@id":"https:\/\/www.recargadeextintoresentrujillo.online\/#website","url":"https:\/\/www.recargadeextintoresentrujillo.online\/","name":"Recarga de Extintores en Trujillo \u2b50\ufe0f\u2b50\ufe0f","description":"En Extintores Extilin, nos dedicamos a garantizar que tus extintores est\u00e9n siempre listos para actuar cuando m\u00e1s los necesites. Con m\u00e1s de 10 a\u00f1os de experiencia en Trujillo, ofrecemos un servicio profesional, r\u00e1pido y confiable.","publisher":{"@id":"https:\/\/www.recargadeextintoresentrujillo.online\/#organization"},"potentialAction":[{"@type":"SearchAction","target":{"@type":"EntryPoint","urlTemplate":"https:\/\/www.recargadeextintoresentrujillo.online\/?s={search_term_string}"},"query-input":{"@type":"PropertyValueSpecification","valueRequired":true,"valueName":"search_term_string"}}],"inLanguage":"es"},{"@type":"Organization","@id":"https:\/\/www.recargadeextintoresentrujillo.online\/#organization","name":"Recarga de Extintores en Trujillo \u2b50\ufe0f\u2b50\ufe0f","url":"https:\/\/www.recargadeextintoresentrujillo.online\/","logo":{"@type":"ImageObject","inLanguage":"es","@id":"https:\/\/www.recargadeextintoresentrujillo.online\/#\/schema\/logo\/image\/","url":"https:\/\/www.recargadeextintoresentrujillo.online\/wp-content\/uploads\/2025\/09\/Diseno-sin-titulo-13.png","contentUrl":"https:\/\/www.recargadeextintoresentrujillo.online\/wp-content\/uploads\/2025\/09\/Diseno-sin-titulo-13.png","width":1200,"height":1200,"caption":"Recarga de Extintores en Trujillo  \u2b50\ufe0f\u2b50\ufe0f"},"image":{"@id":"https:\/\/www.recargadeextintoresentrujillo.online\/#\/schema\/logo\/image\/"}}]}},"uagb_featured_image_src":{"full":false,"thumbnail":false,"medium":false,"medium_large":false,"large":false,"1536x1536":false,"2048x2048":false},"uagb_author_info":{"display_name":"extintores en trujillo","author_link":"https:\/\/www.recargadeextintoresentrujillo.online\/?author=1"},"uagb_comment_info":0,"uagb_excerpt":"Extintores UL Certificados para la Protecci\u00f3n Integral En primer lugar, los extintores UL certificados representan un elemento esencial en cualquier [&hellip;]","_links":{"self":[{"href":"https:\/\/www.recargadeextintoresentrujillo.online\/index.php?rest_route=\/wp\/v2\/pages\/268","targetHints":{"allow":["GET"]}}],"collection":[{"href":"https:\/\/www.recargadeextintoresentrujillo.online\/index.php?rest_route=\/wp\/v2\/pages"}],"about":[{"href":"https:\/\/www.recargadeextintoresentrujillo.online\/index.php?rest_route=\/wp\/v2\/types\/page"}],"author":[{"embeddable":true,"href":"https:\/\/www.recargadeextintoresentrujillo.online\/index.php?rest_route=\/wp\/v2\/users\/1"}],"replies":[{"embeddable":true,"href":"https:\/\/www.recargadeextintoresentrujillo.online\/index.php?rest_route=%2Fwp%2Fv2%2Fcomments&post=268"}],"version-history":[{"count":3,"href":"https:\/\/www.recargadeextintoresentrujillo.online\/index.php?rest_route=\/wp\/v2\/pages\/268\/revisions"}],"predecessor-version":[{"id":322,"href":"https:\/\/www.recargadeextintoresentrujillo.online\/index.php?rest_route=\/wp\/v2\/pages\/268\/revisions\/322"}],"wp:attachment":[{"href":"https:\/\/www.recargadeextintoresentrujillo.online\/index.php?rest_route=%2Fwp%2Fv2%2Fmedia&parent=268"}],"curies":[{"name":"wp","href":"https:\/\/api.w.org\/{rel}","templated":true}]}}