{"id":265,"date":"2026-02-05T22:57:05","date_gmt":"2026-02-05T22:57:05","guid":{"rendered":"https:\/\/www.recargadeextintoresentrujillo.online\/?page_id=265"},"modified":"2026-02-06T20:24:13","modified_gmt":"2026-02-06T20:24:13","slug":"empresa-de-extintores-en-trujillo","status":"publish","type":"page","link":"https:\/\/www.recargadeextintoresentrujillo.online\/?page_id=265","title":{"rendered":"Extintores CO2"},"content":{"rendered":"\n<div class=\"wp-block-media-text is-stacked-on-mobile has-border-color has-ast-global-color-5-background-color has-background\" style=\"border-color:#cf2e2e;border-width:3px;border-top-left-radius:26px;border-top-right-radius:26px;border-bottom-left-radius:26px;border-bottom-right-radius:26px;padding-top:var(--wp--preset--spacing--20);padding-right:var(--wp--preset--spacing--30);padding-bottom:var(--wp--preset--spacing--20);padding-left:var(--wp--preset--spacing--30);grid-template-columns:34% auto\"><figure class=\"wp-block-media-text__media\"><img loading=\"lazy\" decoding=\"async\" width=\"1024\" height=\"1024\" src=\"https:\/\/www.recargadeextintoresentrujillo.online\/wp-content\/uploads\/2026\/02\/Gemini_Generated_Image_kej5fqkej5fqkej5.png\" alt=\"\" class=\"wp-image-303 size-full\"\/><\/figure><div class=\"wp-block-media-text__content\">\n<p><strong>Empresa de Extintores en Trujillo | Venta y Mantenimiento Autorizado<\/strong><\/p>\n\n\n\n<p>Los <strong>extintores de CO\u2082 (di\u00f3xido de carbono)<\/strong> est\u00e1n dise\u00f1ados para la extinci\u00f3n eficaz de incendios <strong>clase B y C<\/strong>, siendo especialmente recomendados para \u00e1reas con <strong>equipos el\u00e9ctricos energizados<\/strong>. <strong>En primer lugar<\/strong>, su agente extintor act\u00faa por sofocaci\u00f3n, desplazando el ox\u00edgeno y deteniendo la combusti\u00f3n sin provocar da\u00f1os secundarios.<\/p>\n<\/div><\/div>\n\n\n\n<div class=\"wp-block-columns is-layout-flex wp-container-core-columns-is-layout-28f84493 wp-block-columns-is-layout-flex\">\n<div class=\"wp-block-column is-layout-flow wp-block-column-is-layout-flow\">\n<figure class=\"wp-block-image size-full\"><img loading=\"lazy\" decoding=\"async\" width=\"1200\" height=\"1200\" src=\"https:\/\/www.recargadeextintoresentrujillo.online\/wp-content\/uploads\/2026\/02\/co2-10lb-1.png\" alt=\"\" class=\"wp-image-304\"\/><\/figure>\n\n\n\n<p>EXTINTOR 5LB<\/p>\n\n\n\n<p>S\/. 380.00<\/p>\n\n\n\n<div class=\"wp-block-buttons is-layout-flex wp-block-buttons-is-layout-flex\">\n<div class=\"wp-block-button\"><a class=\"wp-block-button__link wp-element-button\" href=\"https:\/\/wa.link\/o28wjc\">COMPRAR<\/a><\/div>\n<\/div>\n<\/div>\n\n\n\n<div class=\"wp-block-column is-layout-flow wp-block-column-is-layout-flow\">\n<figure class=\"wp-block-image size-full\"><img loading=\"lazy\" decoding=\"async\" width=\"1200\" height=\"1200\" src=\"https:\/\/www.recargadeextintoresentrujillo.online\/wp-content\/uploads\/2026\/02\/co2-10lb.png\" alt=\"\" class=\"wp-image-305\"\/><\/figure>\n\n\n\n<p>EXTINTOR 10LB<\/p>\n\n\n\n<p>S\/. 430.00<\/p>\n\n\n\n<div class=\"wp-block-buttons is-layout-flex wp-block-buttons-is-layout-flex\">\n<div class=\"wp-block-button\"><a class=\"wp-block-button__link wp-element-button\" href=\"https:\/\/wa.link\/o28wjc\">COMPRAR<\/a><\/div>\n<\/div>\n<\/div>\n\n\n\n<div class=\"wp-block-column is-layout-flow wp-block-column-is-layout-flow\">\n<figure class=\"wp-block-image size-full\"><img loading=\"lazy\" decoding=\"async\" width=\"1200\" height=\"1200\" src=\"https:\/\/www.recargadeextintoresentrujillo.online\/wp-content\/uploads\/2026\/02\/co2-10lb-2.png\" alt=\"Empresa de Extintores en Trujillo\" class=\"wp-image-306\"\/><\/figure>\n\n\n\n<p>EXTINTOR 15LB<\/p>\n\n\n\n<p>S\/. 550.00<\/p>\n\n\n\n<div class=\"wp-block-buttons is-layout-flex wp-block-buttons-is-layout-flex\">\n<div class=\"wp-block-button\"><a class=\"wp-block-button__link wp-element-button\" href=\"https:\/\/wa.link\/o28wjc\">COMPRAR<\/a><\/div>\n<\/div>\n<\/div>\n<\/div>\n\n\n\n<div class=\"wp-block-columns has-ast-global-color-5-background-color has-background is-layout-flex wp-container-core-columns-is-layout-28f84493 wp-block-columns-is-layout-flex\">\n<div class=\"wp-block-column is-layout-flow wp-block-column-is-layout-flow\">\n<h2 class=\"wp-block-heading has-text-align-center has-vivid-red-color has-text-color has-link-color wp-elements-0854fa4ad31e9ddfba11ea44051ebaf9\">Empresa de extintores en Trujillo<\/h2>\n\n\n\n<p class=\"has-text-align-center\">Sus principales ventajas es que <strong>no deja residuos<\/strong>, lo que los convierte en la opci\u00f3n m\u00e1s adecuada para proteger <strong>tableros el\u00e9ctricos, servidores, centros de c\u00f3mputo y maquinaria industrial<\/strong>.<\/p>\n<\/div>\n<\/div>\n\n\n\n<p><\/p>\n","protected":false},"excerpt":{"rendered":"<p>Empresa de Extintores en Trujillo | Venta y Mantenimiento Autorizado Los extintores de CO\u2082 (di\u00f3xido de carbono) est\u00e1n dise\u00f1ados para [&hellip;]<\/p>\n","protected":false},"author":1,"featured_media":0,"parent":0,"menu_order":0,"comment_status":"closed","ping_status":"closed","template":"","meta":{"_uag_custom_page_level_css":"","site-sidebar-layout":"default","site-content-layout":"","ast-site-content-layout":"default","site-content-style":"default","site-sidebar-style":"default","ast-global-header-display":"","ast-banner-title-visibility":"","ast-main-header-display":"","ast-hfb-above-header-display":"","ast-hfb-below-header-display":"","ast-hfb-mobile-header-display":"","site-post-title":"","ast-breadcrumbs-content":"","ast-featured-img":"","footer-sml-layout":"","ast-disable-related-posts":"","theme-transparent-header-meta":"","adv-header-id-meta":"","stick-header-meta":"","header-above-stick-meta":"","header-main-stick-meta":"","header-below-stick-meta":"","astra-migrate-meta-layouts":"default","ast-page-background-enabled":"default","ast-page-background-meta":{"desktop":{"background-color":"var(--ast-global-color-5)","background-image":"","background-repeat":"repeat","background-position":"center center","background-size":"auto","background-attachment":"scroll","background-type":"","background-media":"","overlay-type":"","overlay-color":"","overlay-opacity":"","overlay-gradient":""},"tablet":{"background-color":"","background-image":"","background-repeat":"repeat","background-position":"center center","background-size":"auto","background-attachment":"scroll","background-type":"","background-media":"","overlay-type":"","overlay-color":"","overlay-opacity":"","overlay-gradient":""},"mobile":{"background-color":"","background-image":"","background-repeat":"repeat","background-position":"center center","background-size":"auto","background-attachment":"scroll","background-type":"","background-media":"","overlay-type":"","overlay-color":"","overlay-opacity":"","overlay-gradient":""}},"ast-content-background-meta":{"desktop":{"background-color":"var(--ast-global-color-4)","background-image":"","background-repeat":"repeat","background-position":"center center","background-size":"auto","background-attachment":"scroll","background-type":"","background-media":"","overlay-type":"","overlay-color":"","overlay-opacity":"","overlay-gradient":""},"tablet":{"background-color":"var(--ast-global-color-4)","background-image":"","background-repeat":"repeat","background-position":"center center","background-size":"auto","background-attachment":"scroll","background-type":"","background-media":"","overlay-type":"","overlay-color":"","overlay-opacity":"","overlay-gradient":""},"mobile":{"background-color":"var(--ast-global-color-4)","background-image":"","background-repeat":"repeat","background-position":"center center","background-size":"auto","background-attachment":"scroll","background-type":"","background-media":"","overlay-type":"","overlay-color":"","overlay-opacity":"","overlay-gradient":""}},"footnotes":""},"class_list":["post-265","page","type-page","status-publish","hentry"],"yoast_head":"<!-- This site is optimized with the Yoast SEO plugin v27.5 - https:\/\/yoast.com\/product\/yoast-seo-wordpress\/ -->\n<title>Empresa de Extintores en Trujillo | Extintores en Trujillo 044633587<\/title>\n<meta name=\"description\" content=\"Empresa de extintores en Trujillo especializada en venta, recarga y mantenimiento de extintores certificados.\" \/>\n<meta name=\"robots\" content=\"index, follow, max-snippet:-1, max-image-preview:large, max-video-preview:-1\" \/>\n<link rel=\"canonical\" href=\"https:\/\/www.recargadeextintoresentrujillo.online\/?page_id=265\" \/>\n<meta property=\"og:locale\" content=\"es_ES\" \/>\n<meta property=\"og:type\" content=\"article\" \/>\n<meta property=\"og:title\" content=\"Empresa de Extintores en Trujillo | Extintores en Trujillo 044633587\" \/>\n<meta property=\"og:description\" content=\"Empresa de extintores en Trujillo especializada en venta, recarga y mantenimiento de extintores certificados.\" \/>\n<meta property=\"og:url\" content=\"https:\/\/www.recargadeextintoresentrujillo.online\/?page_id=265\" \/>\n<meta property=\"og:site_name\" content=\"Recarga de Extintores en Trujillo \u2b50\ufe0f\u2b50\ufe0f\" \/>\n<meta property=\"article:modified_time\" content=\"2026-02-06T20:24:13+00:00\" \/>\n<meta property=\"og:image\" content=\"https:\/\/www.recargadeextintoresentrujillo.online\/wp-content\/uploads\/2026\/02\/Gemini_Generated_Image_kej5fqkej5fqkej5.png\" \/>\n\t<meta property=\"og:image:width\" content=\"1024\" \/>\n\t<meta property=\"og:image:height\" content=\"1024\" \/>\n\t<meta property=\"og:image:type\" content=\"image\/png\" \/>\n<meta name=\"twitter:card\" content=\"summary_large_image\" \/>\n<meta name=\"twitter:label1\" content=\"Tiempo de lectura\" \/>\n\t<meta name=\"twitter:data1\" content=\"2 minutos\" \/>\n<script type=\"application\/ld+json\" class=\"yoast-schema-graph\">{\"@context\":\"https:\\\/\\\/schema.org\",\"@graph\":[{\"@type\":\"WebPage\",\"@id\":\"https:\\\/\\\/www.recargadeextintoresentrujillo.online\\\/?page_id=265\",\"url\":\"https:\\\/\\\/www.recargadeextintoresentrujillo.online\\\/?page_id=265\",\"name\":\"Empresa de Extintores en Trujillo | Extintores en Trujillo 044633587\",\"isPartOf\":{\"@id\":\"https:\\\/\\\/www.recargadeextintoresentrujillo.online\\\/#website\"},\"primaryImageOfPage\":{\"@id\":\"https:\\\/\\\/www.recargadeextintoresentrujillo.online\\\/?page_id=265#primaryimage\"},\"image\":{\"@id\":\"https:\\\/\\\/www.recargadeextintoresentrujillo.online\\\/?page_id=265#primaryimage\"},\"thumbnailUrl\":\"https:\\\/\\\/www.recargadeextintoresentrujillo.online\\\/wp-content\\\/uploads\\\/2026\\\/02\\\/Gemini_Generated_Image_kej5fqkej5fqkej5.png\",\"datePublished\":\"2026-02-05T22:57:05+00:00\",\"dateModified\":\"2026-02-06T20:24:13+00:00\",\"description\":\"Empresa de extintores en Trujillo especializada en venta, recarga y mantenimiento de extintores certificados.\",\"breadcrumb\":{\"@id\":\"https:\\\/\\\/www.recargadeextintoresentrujillo.online\\\/?page_id=265#breadcrumb\"},\"inLanguage\":\"es\",\"potentialAction\":[{\"@type\":\"ReadAction\",\"target\":[\"https:\\\/\\\/www.recargadeextintoresentrujillo.online\\\/?page_id=265\"]}]},{\"@type\":\"ImageObject\",\"inLanguage\":\"es\",\"@id\":\"https:\\\/\\\/www.recargadeextintoresentrujillo.online\\\/?page_id=265#primaryimage\",\"url\":\"https:\\\/\\\/www.recargadeextintoresentrujillo.online\\\/wp-content\\\/uploads\\\/2026\\\/02\\\/Gemini_Generated_Image_kej5fqkej5fqkej5.png\",\"contentUrl\":\"https:\\\/\\\/www.recargadeextintoresentrujillo.online\\\/wp-content\\\/uploads\\\/2026\\\/02\\\/Gemini_Generated_Image_kej5fqkej5fqkej5.png\",\"width\":1024,\"height\":1024},{\"@type\":\"BreadcrumbList\",\"@id\":\"https:\\\/\\\/www.recargadeextintoresentrujillo.online\\\/?page_id=265#breadcrumb\",\"itemListElement\":[{\"@type\":\"ListItem\",\"position\":1,\"name\":\"Portada\",\"item\":\"https:\\\/\\\/www.recargadeextintoresentrujillo.online\\\/\"},{\"@type\":\"ListItem\",\"position\":2,\"name\":\"Extintores CO2\"}]},{\"@type\":\"WebSite\",\"@id\":\"https:\\\/\\\/www.recargadeextintoresentrujillo.online\\\/#website\",\"url\":\"https:\\\/\\\/www.recargadeextintoresentrujillo.online\\\/\",\"name\":\"Recarga de Extintores en Trujillo \u2b50\ufe0f\u2b50\ufe0f\",\"description\":\"En Extintores Extilin, nos dedicamos a garantizar que tus extintores est\u00e9n siempre listos para actuar cuando m\u00e1s los necesites. Con m\u00e1s de 10 a\u00f1os de experiencia en Trujillo, ofrecemos un servicio profesional, r\u00e1pido y confiable.\",\"publisher\":{\"@id\":\"https:\\\/\\\/www.recargadeextintoresentrujillo.online\\\/#organization\"},\"potentialAction\":[{\"@type\":\"SearchAction\",\"target\":{\"@type\":\"EntryPoint\",\"urlTemplate\":\"https:\\\/\\\/www.recargadeextintoresentrujillo.online\\\/?s={search_term_string}\"},\"query-input\":{\"@type\":\"PropertyValueSpecification\",\"valueRequired\":true,\"valueName\":\"search_term_string\"}}],\"inLanguage\":\"es\"},{\"@type\":\"Organization\",\"@id\":\"https:\\\/\\\/www.recargadeextintoresentrujillo.online\\\/#organization\",\"name\":\"Recarga de Extintores en Trujillo \u2b50\ufe0f\u2b50\ufe0f\",\"url\":\"https:\\\/\\\/www.recargadeextintoresentrujillo.online\\\/\",\"logo\":{\"@type\":\"ImageObject\",\"inLanguage\":\"es\",\"@id\":\"https:\\\/\\\/www.recargadeextintoresentrujillo.online\\\/#\\\/schema\\\/logo\\\/image\\\/\",\"url\":\"https:\\\/\\\/www.recargadeextintoresentrujillo.online\\\/wp-content\\\/uploads\\\/2025\\\/09\\\/Diseno-sin-titulo-13.png\",\"contentUrl\":\"https:\\\/\\\/www.recargadeextintoresentrujillo.online\\\/wp-content\\\/uploads\\\/2025\\\/09\\\/Diseno-sin-titulo-13.png\",\"width\":1200,\"height\":1200,\"caption\":\"Recarga de Extintores en Trujillo  \u2b50\ufe0f\u2b50\ufe0f\"},\"image\":{\"@id\":\"https:\\\/\\\/www.recargadeextintoresentrujillo.online\\\/#\\\/schema\\\/logo\\\/image\\\/\"}}]}<\/script>\n<!-- \/ Yoast SEO plugin. -->","yoast_head_json":{"title":"Empresa de Extintores en Trujillo | Extintores en Trujillo 044633587","description":"Empresa de extintores en Trujillo especializada en venta, recarga y mantenimiento de extintores certificados.","robots":{"index":"index","follow":"follow","max-snippet":"max-snippet:-1","max-image-preview":"max-image-preview:large","max-video-preview":"max-video-preview:-1"},"canonical":"https:\/\/www.recargadeextintoresentrujillo.online\/?page_id=265","og_locale":"es_ES","og_type":"article","og_title":"Empresa de Extintores en Trujillo | Extintores en Trujillo 044633587","og_description":"Empresa de extintores en Trujillo especializada en venta, recarga y mantenimiento de extintores certificados.","og_url":"https:\/\/www.recargadeextintoresentrujillo.online\/?page_id=265","og_site_name":"Recarga de Extintores en Trujillo \u2b50\ufe0f\u2b50\ufe0f","article_modified_time":"2026-02-06T20:24:13+00:00","og_image":[{"width":1024,"height":1024,"url":"https:\/\/www.recargadeextintoresentrujillo.online\/wp-content\/uploads\/2026\/02\/Gemini_Generated_Image_kej5fqkej5fqkej5.png","type":"image\/png"}],"twitter_card":"summary_large_image","twitter_misc":{"Tiempo de lectura":"2 minutos"},"schema":{"@context":"https:\/\/schema.org","@graph":[{"@type":"WebPage","@id":"https:\/\/www.recargadeextintoresentrujillo.online\/?page_id=265","url":"https:\/\/www.recargadeextintoresentrujillo.online\/?page_id=265","name":"Empresa de Extintores en Trujillo | Extintores en Trujillo 044633587","isPartOf":{"@id":"https:\/\/www.recargadeextintoresentrujillo.online\/#website"},"primaryImageOfPage":{"@id":"https:\/\/www.recargadeextintoresentrujillo.online\/?page_id=265#primaryimage"},"image":{"@id":"https:\/\/www.recargadeextintoresentrujillo.online\/?page_id=265#primaryimage"},"thumbnailUrl":"https:\/\/www.recargadeextintoresentrujillo.online\/wp-content\/uploads\/2026\/02\/Gemini_Generated_Image_kej5fqkej5fqkej5.png","datePublished":"2026-02-05T22:57:05+00:00","dateModified":"2026-02-06T20:24:13+00:00","description":"Empresa de extintores en Trujillo especializada en venta, recarga y mantenimiento de extintores certificados.","breadcrumb":{"@id":"https:\/\/www.recargadeextintoresentrujillo.online\/?page_id=265#breadcrumb"},"inLanguage":"es","potentialAction":[{"@type":"ReadAction","target":["https:\/\/www.recargadeextintoresentrujillo.online\/?page_id=265"]}]},{"@type":"ImageObject","inLanguage":"es","@id":"https:\/\/www.recargadeextintoresentrujillo.online\/?page_id=265#primaryimage","url":"https:\/\/www.recargadeextintoresentrujillo.online\/wp-content\/uploads\/2026\/02\/Gemini_Generated_Image_kej5fqkej5fqkej5.png","contentUrl":"https:\/\/www.recargadeextintoresentrujillo.online\/wp-content\/uploads\/2026\/02\/Gemini_Generated_Image_kej5fqkej5fqkej5.png","width":1024,"height":1024},{"@type":"BreadcrumbList","@id":"https:\/\/www.recargadeextintoresentrujillo.online\/?page_id=265#breadcrumb","itemListElement":[{"@type":"ListItem","position":1,"name":"Portada","item":"https:\/\/www.recargadeextintoresentrujillo.online\/"},{"@type":"ListItem","position":2,"name":"Extintores CO2"}]},{"@type":"WebSite","@id":"https:\/\/www.recargadeextintoresentrujillo.online\/#website","url":"https:\/\/www.recargadeextintoresentrujillo.online\/","name":"Recarga de Extintores en Trujillo \u2b50\ufe0f\u2b50\ufe0f","description":"En Extintores Extilin, nos dedicamos a garantizar que tus extintores est\u00e9n siempre listos para actuar cuando m\u00e1s los necesites. Con m\u00e1s de 10 a\u00f1os de experiencia en Trujillo, ofrecemos un servicio profesional, r\u00e1pido y confiable.","publisher":{"@id":"https:\/\/www.recargadeextintoresentrujillo.online\/#organization"},"potentialAction":[{"@type":"SearchAction","target":{"@type":"EntryPoint","urlTemplate":"https:\/\/www.recargadeextintoresentrujillo.online\/?s={search_term_string}"},"query-input":{"@type":"PropertyValueSpecification","valueRequired":true,"valueName":"search_term_string"}}],"inLanguage":"es"},{"@type":"Organization","@id":"https:\/\/www.recargadeextintoresentrujillo.online\/#organization","name":"Recarga de Extintores en Trujillo \u2b50\ufe0f\u2b50\ufe0f","url":"https:\/\/www.recargadeextintoresentrujillo.online\/","logo":{"@type":"ImageObject","inLanguage":"es","@id":"https:\/\/www.recargadeextintoresentrujillo.online\/#\/schema\/logo\/image\/","url":"https:\/\/www.recargadeextintoresentrujillo.online\/wp-content\/uploads\/2025\/09\/Diseno-sin-titulo-13.png","contentUrl":"https:\/\/www.recargadeextintoresentrujillo.online\/wp-content\/uploads\/2025\/09\/Diseno-sin-titulo-13.png","width":1200,"height":1200,"caption":"Recarga de Extintores en Trujillo  \u2b50\ufe0f\u2b50\ufe0f"},"image":{"@id":"https:\/\/www.recargadeextintoresentrujillo.online\/#\/schema\/logo\/image\/"}}]}},"uagb_featured_image_src":{"full":false,"thumbnail":false,"medium":false,"medium_large":false,"large":false,"1536x1536":false,"2048x2048":false},"uagb_author_info":{"display_name":"extintores en trujillo","author_link":"https:\/\/www.recargadeextintoresentrujillo.online\/?author=1"},"uagb_comment_info":0,"uagb_excerpt":"Empresa de Extintores en Trujillo | Venta y Mantenimiento Autorizado Los extintores de CO\u2082 (di\u00f3xido de carbono) est\u00e1n dise\u00f1ados para [&hellip;]","_links":{"self":[{"href":"https:\/\/www.recargadeextintoresentrujillo.online\/index.php?rest_route=\/wp\/v2\/pages\/265","targetHints":{"allow":["GET"]}}],"collection":[{"href":"https:\/\/www.recargadeextintoresentrujillo.online\/index.php?rest_route=\/wp\/v2\/pages"}],"about":[{"href":"https:\/\/www.recargadeextintoresentrujillo.online\/index.php?rest_route=\/wp\/v2\/types\/page"}],"author":[{"embeddable":true,"href":"https:\/\/www.recargadeextintoresentrujillo.online\/index.php?rest_route=\/wp\/v2\/users\/1"}],"replies":[{"embeddable":true,"href":"https:\/\/www.recargadeextintoresentrujillo.online\/index.php?rest_route=%2Fwp%2Fv2%2Fcomments&post=265"}],"version-history":[{"count":4,"href":"https:\/\/www.recargadeextintoresentrujillo.online\/index.php?rest_route=\/wp\/v2\/pages\/265\/revisions"}],"predecessor-version":[{"id":311,"href":"https:\/\/www.recargadeextintoresentrujillo.online\/index.php?rest_route=\/wp\/v2\/pages\/265\/revisions\/311"}],"wp:attachment":[{"href":"https:\/\/www.recargadeextintoresentrujillo.online\/index.php?rest_route=%2Fwp%2Fv2%2Fmedia&parent=265"}],"curies":[{"name":"wp","href":"https:\/\/api.w.org\/{rel}","templated":true}]}}