{"id":262,"date":"2026-02-05T22:56:10","date_gmt":"2026-02-05T22:56:10","guid":{"rendered":"https:\/\/www.recargadeextintoresentrujillo.online\/?page_id=262"},"modified":"2026-02-06T19:52:57","modified_gmt":"2026-02-06T19:52:57","slug":"comprar-extintores-pqs","status":"publish","type":"page","link":"https:\/\/www.recargadeextintoresentrujillo.online\/?page_id=262","title":{"rendered":"Extintores PQS"},"content":{"rendered":"\n<div class=\"wp-block-columns is-layout-flex wp-container-core-columns-is-layout-28f84493 wp-block-columns-is-layout-flex\">\n<div class=\"wp-block-column is-layout-flow wp-block-column-is-layout-flow\">\n<h2 class=\"wp-block-heading has-text-align-center\">Comprar Extintores PQS: Protecci\u00f3n para todo tipo de ambientes<\/h2>\n\n\n\n<p class=\"has-text-align-center\">Comprar Extintores PQS<strong> (Polvo Qu\u00edmico Seco)<\/strong> son una soluci\u00f3n esencial para la prevenci\u00f3n y control de incendios, ya que est\u00e1n dise\u00f1ados para combatir fuegos de <strong>clase A, B y C<\/strong>. <strong>Adem\u00e1s<\/strong>, su alta eficacia los convierte en una de las opciones m\u00e1s utilizadas en hogares, oficinas, comercios e industrias.<\/p>\n<\/div>\n<\/div>\n\n\n\n<div class=\"wp-block-columns is-layout-flex wp-container-core-columns-is-layout-28f84493 wp-block-columns-is-layout-flex\">\n<div class=\"wp-block-column is-layout-flow wp-block-column-is-layout-flow\">\n<figure class=\"wp-block-image size-full\"><img loading=\"lazy\" decoding=\"async\" width=\"1200\" height=\"1200\" src=\"https:\/\/www.recargadeextintoresentrujillo.online\/wp-content\/uploads\/2026\/02\/EXTINTOR-pqs.png\" alt=\"\" class=\"wp-image-288\"\/><\/figure>\n\n\n\n<p class=\"has-text-align-center\"><strong>EXTINTO 1KG<\/strong><\/p>\n\n\n\n<p class=\"has-text-align-center\">S\/. 50.00<\/p>\n\n\n\n<div class=\"wp-block-buttons is-layout-flex wp-block-buttons-is-layout-flex\">\n<div class=\"wp-block-button\"><a class=\"wp-block-button__link has-background wp-element-button\" href=\"https:\/\/wa.link\/o28wjc\" style=\"background-color:#11910f\">COMPRAR<\/a><\/div>\n<\/div>\n<\/div>\n\n\n\n<div class=\"wp-block-column is-layout-flow wp-block-column-is-layout-flow\">\n<figure class=\"wp-block-image size-full\"><img loading=\"lazy\" decoding=\"async\" width=\"1200\" height=\"1200\" src=\"https:\/\/www.recargadeextintoresentrujillo.online\/wp-content\/uploads\/2026\/02\/EXTINTOR-pqs-1.png\" alt=\"\" class=\"wp-image-287\"\/><\/figure>\n\n\n\n<p class=\"has-text-align-center\"><strong>EXTINTO 2KG<\/strong><\/p>\n\n\n\n<p class=\"has-text-align-center\">S\/. 55.00<\/p>\n\n\n\n<div class=\"wp-block-buttons is-layout-flex wp-block-buttons-is-layout-flex\">\n<div class=\"wp-block-button\"><a class=\"wp-block-button__link has-background wp-element-button\" href=\"https:\/\/wa.link\/o28wjc\" style=\"background-color:#11910f\">COMPRAR<\/a><\/div>\n<\/div>\n<\/div>\n\n\n\n<div class=\"wp-block-column is-layout-flow wp-block-column-is-layout-flow\">\n<figure class=\"wp-block-image size-full\"><img loading=\"lazy\" decoding=\"async\" width=\"1200\" height=\"1200\" src=\"https:\/\/www.recargadeextintoresentrujillo.online\/wp-content\/uploads\/2026\/02\/EXTINTOR-pqs-2.png\" alt=\"\" class=\"wp-image-289\"\/><\/figure>\n\n\n\n<p class=\"has-text-align-center\"><strong><strong>EXTINTO 4KG<\/strong><\/strong><\/p>\n\n\n\n<p class=\"has-text-align-center\">S\/. 85.00<\/p>\n\n\n\n<div class=\"wp-block-buttons is-layout-flex wp-block-buttons-is-layout-flex\">\n<div class=\"wp-block-button\"><a class=\"wp-block-button__link has-background wp-element-button\" href=\"https:\/\/wa.link\/o28wjc\" style=\"background-color:#11910f\">COMPRAR<\/a><\/div>\n<\/div>\n<\/div>\n\n\n\n<div class=\"wp-block-column is-layout-flow wp-block-column-is-layout-flow\">\n<figure class=\"wp-block-image size-full\"><img loading=\"lazy\" decoding=\"async\" width=\"1200\" height=\"1200\" src=\"https:\/\/www.recargadeextintoresentrujillo.online\/wp-content\/uploads\/2026\/02\/EXTINTOR-pqs-3.png\" alt=\"Comprar Extintores PQS \" class=\"wp-image-282\"\/><\/figure>\n\n\n\n<p class=\"has-text-align-center\"><strong>EXTINTO 6KG<\/strong><\/p>\n\n\n\n<p class=\"has-text-align-center\">S\/. 95.00<\/p>\n\n\n\n<div class=\"wp-block-buttons is-layout-flex wp-block-buttons-is-layout-flex\">\n<div class=\"wp-block-button\"><a class=\"wp-block-button__link has-background wp-element-button\" href=\"https:\/\/wa.link\/o28wjc\" style=\"background-color:#11910f\">COMPRAR<\/a><\/div>\n<\/div>\n<\/div>\n\n\n\n<div class=\"wp-block-column is-layout-flow wp-block-column-is-layout-flow\">\n<figure class=\"wp-block-image size-full\"><img loading=\"lazy\" decoding=\"async\" width=\"1200\" height=\"1200\" src=\"https:\/\/www.recargadeextintoresentrujillo.online\/wp-content\/uploads\/2026\/02\/EXTINTOR-pqs-4.png\" alt=\"Comprar Extintores PQS \" class=\"wp-image-283\"\/><\/figure>\n\n\n\n<p class=\"has-text-align-center\"><strong>EXTINTO 9KG<\/strong><\/p>\n\n\n\n<p class=\"has-text-align-center\">S\/. 130.00<\/p>\n\n\n\n<div class=\"wp-block-buttons is-layout-flex wp-block-buttons-is-layout-flex\">\n<div class=\"wp-block-button\"><a class=\"wp-block-button__link has-background wp-element-button\" style=\"background-color:#11910f\">COMPRAR<\/a><\/div>\n<\/div>\n<\/div>\n\n\n\n<div class=\"wp-block-column is-layout-flow wp-block-column-is-layout-flow\">\n<figure class=\"wp-block-image size-full\"><img loading=\"lazy\" decoding=\"async\" width=\"1200\" height=\"1200\" src=\"https:\/\/www.recargadeextintoresentrujillo.online\/wp-content\/uploads\/2026\/02\/EXTINTOR-pqs-5.png\" alt=\"Comprar Extintores PQS \" class=\"wp-image-284\"\/><\/figure>\n\n\n\n<p class=\"has-text-align-center\"><strong>EXTINTO 12KG<\/strong><\/p>\n\n\n\n<p class=\"has-text-align-center\">S\/. 140.00<\/p>\n\n\n\n<div class=\"wp-block-buttons is-layout-flex wp-block-buttons-is-layout-flex\">\n<div class=\"wp-block-button\"><a class=\"wp-block-button__link has-background wp-element-button\" href=\"https:\/\/wa.link\/o28wjc\" style=\"background-color:#11910f\">COMPRAR<\/a><\/div>\n<\/div>\n<\/div>\n<\/div>\n\n\n\n<div class=\"wp-block-media-text is-stacked-on-mobile has-border-color has-vivid-red-border-color\" style=\"border-width:3px;border-top-left-radius:18px;border-top-right-radius:18px;border-bottom-left-radius:18px;border-bottom-right-radius:18px;margin-top:var(--wp--preset--spacing--50);margin-right:var(--wp--preset--spacing--40);margin-bottom:var(--wp--preset--spacing--50);margin-left:var(--wp--preset--spacing--40);padding-top:0;padding-bottom:0;font-size:18px;grid-template-columns:38% auto\"><figure class=\"wp-block-media-text__media\"><img loading=\"lazy\" decoding=\"async\" width=\"1024\" height=\"1024\" src=\"https:\/\/www.recargadeextintoresentrujillo.online\/wp-content\/uploads\/2025\/09\/20250830_1419_Extintores-en-Centro-Comercial_remix_01k3y6krn6f3qt1fytdsb5wtdg.png\" alt=\"\" class=\"wp-image-28 size-full\" srcset=\"https:\/\/www.recargadeextintoresentrujillo.online\/wp-content\/uploads\/2025\/09\/20250830_1419_Extintores-en-Centro-Comercial_remix_01k3y6krn6f3qt1fytdsb5wtdg.png 1024w, https:\/\/www.recargadeextintoresentrujillo.online\/wp-content\/uploads\/2025\/09\/20250830_1419_Extintores-en-Centro-Comercial_remix_01k3y6krn6f3qt1fytdsb5wtdg-300x300.png 300w, https:\/\/www.recargadeextintoresentrujillo.online\/wp-content\/uploads\/2025\/09\/20250830_1419_Extintores-en-Centro-Comercial_remix_01k3y6krn6f3qt1fytdsb5wtdg-150x150.png 150w, https:\/\/www.recargadeextintoresentrujillo.online\/wp-content\/uploads\/2025\/09\/20250830_1419_Extintores-en-Centro-Comercial_remix_01k3y6krn6f3qt1fytdsb5wtdg-768x768.png 768w\" sizes=\"auto, (max-width: 1024px) 100vw, 1024px\" \/><\/figure><div class=\"wp-block-media-text__content\">\n<p>nuestros extintores PQS ofrecen confiabilidad, durabilidad y un alto rendimiento, asegurando una respuesta efectiva ante cualquier conato de incendio. <strong>Cont\u00e1ctanos hoy<\/strong> y protege tu hogar o empresa con equipos de seguridad confiables y de calidad.<\/p>\n<\/div><\/div>\n\n\n\n<p><\/p>\n","protected":false},"excerpt":{"rendered":"<p>Comprar Extintores PQS: Protecci\u00f3n para todo tipo de ambientes Comprar Extintores PQS (Polvo Qu\u00edmico Seco) son una soluci\u00f3n esencial para [&hellip;]<\/p>\n","protected":false},"author":1,"featured_media":0,"parent":0,"menu_order":0,"comment_status":"closed","ping_status":"closed","template":"","meta":{"_uag_custom_page_level_css":"","site-sidebar-layout":"default","site-content-layout":"","ast-site-content-layout":"default","site-content-style":"default","site-sidebar-style":"default","ast-global-header-display":"","ast-banner-title-visibility":"","ast-main-header-display":"","ast-hfb-above-header-display":"","ast-hfb-below-header-display":"","ast-hfb-mobile-header-display":"","site-post-title":"","ast-breadcrumbs-content":"","ast-featured-img":"","footer-sml-layout":"","ast-disable-related-posts":"","theme-transparent-header-meta":"","adv-header-id-meta":"","stick-header-meta":"","header-above-stick-meta":"","header-main-stick-meta":"","header-below-stick-meta":"","astra-migrate-meta-layouts":"default","ast-page-background-enabled":"default","ast-page-background-meta":{"desktop":{"background-color":"var(--ast-global-color-5)","background-image":"","background-repeat":"repeat","background-position":"center center","background-size":"auto","background-attachment":"scroll","background-type":"","background-media":"","overlay-type":"","overlay-color":"","overlay-opacity":"","overlay-gradient":""},"tablet":{"background-color":"","background-image":"","background-repeat":"repeat","background-position":"center center","background-size":"auto","background-attachment":"scroll","background-type":"","background-media":"","overlay-type":"","overlay-color":"","overlay-opacity":"","overlay-gradient":""},"mobile":{"background-color":"","background-image":"","background-repeat":"repeat","background-position":"center center","background-size":"auto","background-attachment":"scroll","background-type":"","background-media":"","overlay-type":"","overlay-color":"","overlay-opacity":"","overlay-gradient":""}},"ast-content-background-meta":{"desktop":{"background-color":"var(--ast-global-color-4)","background-image":"","background-repeat":"repeat","background-position":"center center","background-size":"auto","background-attachment":"scroll","background-type":"","background-media":"","overlay-type":"","overlay-color":"","overlay-opacity":"","overlay-gradient":""},"tablet":{"background-color":"var(--ast-global-color-4)","background-image":"","background-repeat":"repeat","background-position":"center center","background-size":"auto","background-attachment":"scroll","background-type":"","background-media":"","overlay-type":"","overlay-color":"","overlay-opacity":"","overlay-gradient":""},"mobile":{"background-color":"var(--ast-global-color-4)","background-image":"","background-repeat":"repeat","background-position":"center center","background-size":"auto","background-attachment":"scroll","background-type":"","background-media":"","overlay-type":"","overlay-color":"","overlay-opacity":"","overlay-gradient":""}},"footnotes":""},"class_list":["post-262","page","type-page","status-publish","hentry"],"yoast_head":"<!-- This site is optimized with the Yoast SEO plugin v27.5 - https:\/\/yoast.com\/product\/yoast-seo-wordpress\/ -->\n<title>Comprar Extintores PQS | Precios y Capacidades Disponibles<\/title>\n<meta name=\"description\" content=\"Comprar Extintores PQS certificados para hogares y empresas. Protecci\u00f3n contra incendios. Cotiza hoy y recibe asesor\u00eda profesional.\" \/>\n<meta name=\"robots\" content=\"index, follow, max-snippet:-1, max-image-preview:large, max-video-preview:-1\" \/>\n<link rel=\"canonical\" href=\"https:\/\/www.recargadeextintoresentrujillo.online\/?page_id=262\" \/>\n<meta property=\"og:locale\" content=\"es_ES\" \/>\n<meta property=\"og:type\" content=\"article\" \/>\n<meta property=\"og:title\" content=\"Comprar Extintores PQS | Precios y Capacidades Disponibles\" \/>\n<meta property=\"og:description\" content=\"Comprar Extintores PQS certificados para hogares y empresas. Protecci\u00f3n contra incendios. Cotiza hoy y recibe asesor\u00eda profesional.\" \/>\n<meta property=\"og:url\" content=\"https:\/\/www.recargadeextintoresentrujillo.online\/?page_id=262\" \/>\n<meta property=\"og:site_name\" content=\"Recarga de Extintores en Trujillo \u2b50\ufe0f\u2b50\ufe0f\" \/>\n<meta property=\"article:modified_time\" content=\"2026-02-06T19:52:57+00:00\" \/>\n<meta property=\"og:image\" content=\"https:\/\/www.recargadeextintoresentrujillo.online\/wp-content\/uploads\/2026\/02\/EXTINTOR-pqs.png\" \/>\n\t<meta property=\"og:image:width\" content=\"1200\" \/>\n\t<meta property=\"og:image:height\" content=\"1200\" \/>\n\t<meta property=\"og:image:type\" content=\"image\/png\" \/>\n<meta name=\"twitter:card\" content=\"summary_large_image\" \/>\n<meta name=\"twitter:label1\" content=\"Tiempo de lectura\" \/>\n\t<meta name=\"twitter:data1\" content=\"2 minutos\" \/>\n<script type=\"application\/ld+json\" class=\"yoast-schema-graph\">{\"@context\":\"https:\\\/\\\/schema.org\",\"@graph\":[{\"@type\":\"WebPage\",\"@id\":\"https:\\\/\\\/www.recargadeextintoresentrujillo.online\\\/?page_id=262\",\"url\":\"https:\\\/\\\/www.recargadeextintoresentrujillo.online\\\/?page_id=262\",\"name\":\"Comprar Extintores PQS | Precios y Capacidades Disponibles\",\"isPartOf\":{\"@id\":\"https:\\\/\\\/www.recargadeextintoresentrujillo.online\\\/#website\"},\"primaryImageOfPage\":{\"@id\":\"https:\\\/\\\/www.recargadeextintoresentrujillo.online\\\/?page_id=262#primaryimage\"},\"image\":{\"@id\":\"https:\\\/\\\/www.recargadeextintoresentrujillo.online\\\/?page_id=262#primaryimage\"},\"thumbnailUrl\":\"https:\\\/\\\/www.recargadeextintoresentrujillo.online\\\/wp-content\\\/uploads\\\/2026\\\/02\\\/EXTINTOR-pqs.png\",\"datePublished\":\"2026-02-05T22:56:10+00:00\",\"dateModified\":\"2026-02-06T19:52:57+00:00\",\"description\":\"Comprar Extintores PQS certificados para hogares y empresas. Protecci\u00f3n contra incendios. Cotiza hoy y recibe asesor\u00eda profesional.\",\"breadcrumb\":{\"@id\":\"https:\\\/\\\/www.recargadeextintoresentrujillo.online\\\/?page_id=262#breadcrumb\"},\"inLanguage\":\"es\",\"potentialAction\":[{\"@type\":\"ReadAction\",\"target\":[\"https:\\\/\\\/www.recargadeextintoresentrujillo.online\\\/?page_id=262\"]}]},{\"@type\":\"ImageObject\",\"inLanguage\":\"es\",\"@id\":\"https:\\\/\\\/www.recargadeextintoresentrujillo.online\\\/?page_id=262#primaryimage\",\"url\":\"https:\\\/\\\/www.recargadeextintoresentrujillo.online\\\/wp-content\\\/uploads\\\/2026\\\/02\\\/EXTINTOR-pqs.png\",\"contentUrl\":\"https:\\\/\\\/www.recargadeextintoresentrujillo.online\\\/wp-content\\\/uploads\\\/2026\\\/02\\\/EXTINTOR-pqs.png\",\"width\":1200,\"height\":1200},{\"@type\":\"BreadcrumbList\",\"@id\":\"https:\\\/\\\/www.recargadeextintoresentrujillo.online\\\/?page_id=262#breadcrumb\",\"itemListElement\":[{\"@type\":\"ListItem\",\"position\":1,\"name\":\"Portada\",\"item\":\"https:\\\/\\\/www.recargadeextintoresentrujillo.online\\\/\"},{\"@type\":\"ListItem\",\"position\":2,\"name\":\"Extintores PQS\"}]},{\"@type\":\"WebSite\",\"@id\":\"https:\\\/\\\/www.recargadeextintoresentrujillo.online\\\/#website\",\"url\":\"https:\\\/\\\/www.recargadeextintoresentrujillo.online\\\/\",\"name\":\"Recarga de Extintores en Trujillo \u2b50\ufe0f\u2b50\ufe0f\",\"description\":\"En Extintores Extilin, nos dedicamos a garantizar que tus extintores est\u00e9n siempre listos para actuar cuando m\u00e1s los necesites. Con m\u00e1s de 10 a\u00f1os de experiencia en Trujillo, ofrecemos un servicio profesional, r\u00e1pido y confiable.\",\"publisher\":{\"@id\":\"https:\\\/\\\/www.recargadeextintoresentrujillo.online\\\/#organization\"},\"potentialAction\":[{\"@type\":\"SearchAction\",\"target\":{\"@type\":\"EntryPoint\",\"urlTemplate\":\"https:\\\/\\\/www.recargadeextintoresentrujillo.online\\\/?s={search_term_string}\"},\"query-input\":{\"@type\":\"PropertyValueSpecification\",\"valueRequired\":true,\"valueName\":\"search_term_string\"}}],\"inLanguage\":\"es\"},{\"@type\":\"Organization\",\"@id\":\"https:\\\/\\\/www.recargadeextintoresentrujillo.online\\\/#organization\",\"name\":\"Recarga de Extintores en Trujillo \u2b50\ufe0f\u2b50\ufe0f\",\"url\":\"https:\\\/\\\/www.recargadeextintoresentrujillo.online\\\/\",\"logo\":{\"@type\":\"ImageObject\",\"inLanguage\":\"es\",\"@id\":\"https:\\\/\\\/www.recargadeextintoresentrujillo.online\\\/#\\\/schema\\\/logo\\\/image\\\/\",\"url\":\"https:\\\/\\\/www.recargadeextintoresentrujillo.online\\\/wp-content\\\/uploads\\\/2025\\\/09\\\/Diseno-sin-titulo-13.png\",\"contentUrl\":\"https:\\\/\\\/www.recargadeextintoresentrujillo.online\\\/wp-content\\\/uploads\\\/2025\\\/09\\\/Diseno-sin-titulo-13.png\",\"width\":1200,\"height\":1200,\"caption\":\"Recarga de Extintores en Trujillo  \u2b50\ufe0f\u2b50\ufe0f\"},\"image\":{\"@id\":\"https:\\\/\\\/www.recargadeextintoresentrujillo.online\\\/#\\\/schema\\\/logo\\\/image\\\/\"}}]}<\/script>\n<!-- \/ Yoast SEO plugin. -->","yoast_head_json":{"title":"Comprar Extintores PQS | Precios y Capacidades Disponibles","description":"Comprar Extintores PQS certificados para hogares y empresas. Protecci\u00f3n contra incendios. Cotiza hoy y recibe asesor\u00eda profesional.","robots":{"index":"index","follow":"follow","max-snippet":"max-snippet:-1","max-image-preview":"max-image-preview:large","max-video-preview":"max-video-preview:-1"},"canonical":"https:\/\/www.recargadeextintoresentrujillo.online\/?page_id=262","og_locale":"es_ES","og_type":"article","og_title":"Comprar Extintores PQS | Precios y Capacidades Disponibles","og_description":"Comprar Extintores PQS certificados para hogares y empresas. Protecci\u00f3n contra incendios. Cotiza hoy y recibe asesor\u00eda profesional.","og_url":"https:\/\/www.recargadeextintoresentrujillo.online\/?page_id=262","og_site_name":"Recarga de Extintores en Trujillo \u2b50\ufe0f\u2b50\ufe0f","article_modified_time":"2026-02-06T19:52:57+00:00","og_image":[{"width":1200,"height":1200,"url":"https:\/\/www.recargadeextintoresentrujillo.online\/wp-content\/uploads\/2026\/02\/EXTINTOR-pqs.png","type":"image\/png"}],"twitter_card":"summary_large_image","twitter_misc":{"Tiempo de lectura":"2 minutos"},"schema":{"@context":"https:\/\/schema.org","@graph":[{"@type":"WebPage","@id":"https:\/\/www.recargadeextintoresentrujillo.online\/?page_id=262","url":"https:\/\/www.recargadeextintoresentrujillo.online\/?page_id=262","name":"Comprar Extintores PQS | Precios y Capacidades Disponibles","isPartOf":{"@id":"https:\/\/www.recargadeextintoresentrujillo.online\/#website"},"primaryImageOfPage":{"@id":"https:\/\/www.recargadeextintoresentrujillo.online\/?page_id=262#primaryimage"},"image":{"@id":"https:\/\/www.recargadeextintoresentrujillo.online\/?page_id=262#primaryimage"},"thumbnailUrl":"https:\/\/www.recargadeextintoresentrujillo.online\/wp-content\/uploads\/2026\/02\/EXTINTOR-pqs.png","datePublished":"2026-02-05T22:56:10+00:00","dateModified":"2026-02-06T19:52:57+00:00","description":"Comprar Extintores PQS certificados para hogares y empresas. Protecci\u00f3n contra incendios. Cotiza hoy y recibe asesor\u00eda profesional.","breadcrumb":{"@id":"https:\/\/www.recargadeextintoresentrujillo.online\/?page_id=262#breadcrumb"},"inLanguage":"es","potentialAction":[{"@type":"ReadAction","target":["https:\/\/www.recargadeextintoresentrujillo.online\/?page_id=262"]}]},{"@type":"ImageObject","inLanguage":"es","@id":"https:\/\/www.recargadeextintoresentrujillo.online\/?page_id=262#primaryimage","url":"https:\/\/www.recargadeextintoresentrujillo.online\/wp-content\/uploads\/2026\/02\/EXTINTOR-pqs.png","contentUrl":"https:\/\/www.recargadeextintoresentrujillo.online\/wp-content\/uploads\/2026\/02\/EXTINTOR-pqs.png","width":1200,"height":1200},{"@type":"BreadcrumbList","@id":"https:\/\/www.recargadeextintoresentrujillo.online\/?page_id=262#breadcrumb","itemListElement":[{"@type":"ListItem","position":1,"name":"Portada","item":"https:\/\/www.recargadeextintoresentrujillo.online\/"},{"@type":"ListItem","position":2,"name":"Extintores PQS"}]},{"@type":"WebSite","@id":"https:\/\/www.recargadeextintoresentrujillo.online\/#website","url":"https:\/\/www.recargadeextintoresentrujillo.online\/","name":"Recarga de Extintores en Trujillo \u2b50\ufe0f\u2b50\ufe0f","description":"En Extintores Extilin, nos dedicamos a garantizar que tus extintores est\u00e9n siempre listos para actuar cuando m\u00e1s los necesites. Con m\u00e1s de 10 a\u00f1os de experiencia en Trujillo, ofrecemos un servicio profesional, r\u00e1pido y confiable.","publisher":{"@id":"https:\/\/www.recargadeextintoresentrujillo.online\/#organization"},"potentialAction":[{"@type":"SearchAction","target":{"@type":"EntryPoint","urlTemplate":"https:\/\/www.recargadeextintoresentrujillo.online\/?s={search_term_string}"},"query-input":{"@type":"PropertyValueSpecification","valueRequired":true,"valueName":"search_term_string"}}],"inLanguage":"es"},{"@type":"Organization","@id":"https:\/\/www.recargadeextintoresentrujillo.online\/#organization","name":"Recarga de Extintores en Trujillo \u2b50\ufe0f\u2b50\ufe0f","url":"https:\/\/www.recargadeextintoresentrujillo.online\/","logo":{"@type":"ImageObject","inLanguage":"es","@id":"https:\/\/www.recargadeextintoresentrujillo.online\/#\/schema\/logo\/image\/","url":"https:\/\/www.recargadeextintoresentrujillo.online\/wp-content\/uploads\/2025\/09\/Diseno-sin-titulo-13.png","contentUrl":"https:\/\/www.recargadeextintoresentrujillo.online\/wp-content\/uploads\/2025\/09\/Diseno-sin-titulo-13.png","width":1200,"height":1200,"caption":"Recarga de Extintores en Trujillo  \u2b50\ufe0f\u2b50\ufe0f"},"image":{"@id":"https:\/\/www.recargadeextintoresentrujillo.online\/#\/schema\/logo\/image\/"}}]}},"uagb_featured_image_src":{"full":false,"thumbnail":false,"medium":false,"medium_large":false,"large":false,"1536x1536":false,"2048x2048":false},"uagb_author_info":{"display_name":"extintores en trujillo","author_link":"https:\/\/www.recargadeextintoresentrujillo.online\/?author=1"},"uagb_comment_info":0,"uagb_excerpt":"Comprar Extintores PQS: Protecci\u00f3n para todo tipo de ambientes Comprar Extintores PQS (Polvo Qu\u00edmico Seco) son una soluci\u00f3n esencial para [&hellip;]","_links":{"self":[{"href":"https:\/\/www.recargadeextintoresentrujillo.online\/index.php?rest_route=\/wp\/v2\/pages\/262","targetHints":{"allow":["GET"]}}],"collection":[{"href":"https:\/\/www.recargadeextintoresentrujillo.online\/index.php?rest_route=\/wp\/v2\/pages"}],"about":[{"href":"https:\/\/www.recargadeextintoresentrujillo.online\/index.php?rest_route=\/wp\/v2\/types\/page"}],"author":[{"embeddable":true,"href":"https:\/\/www.recargadeextintoresentrujillo.online\/index.php?rest_route=\/wp\/v2\/users\/1"}],"replies":[{"embeddable":true,"href":"https:\/\/www.recargadeextintoresentrujillo.online\/index.php?rest_route=%2Fwp%2Fv2%2Fcomments&post=262"}],"version-history":[{"count":9,"href":"https:\/\/www.recargadeextintoresentrujillo.online\/index.php?rest_route=\/wp\/v2\/pages\/262\/revisions"}],"predecessor-version":[{"id":301,"href":"https:\/\/www.recargadeextintoresentrujillo.online\/index.php?rest_route=\/wp\/v2\/pages\/262\/revisions\/301"}],"wp:attachment":[{"href":"https:\/\/www.recargadeextintoresentrujillo.online\/index.php?rest_route=%2Fwp%2Fv2%2Fmedia&parent=262"}],"curies":[{"name":"wp","href":"https:\/\/api.w.org\/{rel}","templated":true}]}}