{"id":209,"date":"2025-09-19T06:12:07","date_gmt":"2025-09-19T06:12:07","guid":{"rendered":"https:\/\/www.recargadeextintoresentrujillo.online\/?page_id=209"},"modified":"2025-09-19T07:11:27","modified_gmt":"2025-09-19T07:11:27","slug":"extintores-extintores-en-trujillo-recarga-de-extintores","status":"publish","type":"page","link":"https:\/\/www.recargadeextintoresentrujillo.online\/?page_id=209","title":{"rendered":"CONTACTO"},"content":{"rendered":"\n<div class=\"wp-block-columns is-layout-flex wp-container-core-columns-is-layout-28f84493 wp-block-columns-is-layout-flex\">\n<div class=\"wp-block-column is-layout-flow wp-block-column-is-layout-flow\" style=\"flex-basis:33.33%\">\n<h1 class=\"wp-block-heading has-vivid-red-color has-text-color has-link-color wp-elements-36add9eb65a19162470c4df6f23fcba2\"><strong>Cont\u00e1ctanos<\/strong><\/h1>\n\n\n\n<p> <em>En <strong>Extintores Extilin<\/strong> ponemos a tu alcance soluciones r\u00e1pidas y confiables en <strong>recarga y venta de extintores en Trujillo<\/strong>. Cont\u00e1ctanos y recibe atenci\u00f3n personalizada, asesor\u00eda profesional y garant\u00eda en cada servicio.<\/em><\/p>\n<\/div>\n\n\n\n<div class=\"wp-block-column is-layout-flow wp-block-column-is-layout-flow\" style=\"flex-basis:66.66%\"><style id=\"wpforms-css-vars-240-block-d3625cba-7f5f-4b27-8bad-cbc9f1786772\">\n\t\t\t\t#wpforms-240.wpforms-block-d3625cba-7f5f-4b27-8bad-cbc9f1786772 {\n\t\t\t\t--wpforms-label-color: rgba(0, 0, 0, 0.85);\n--wpforms-label-sublabel-color: rgba(0, 0, 0, 0.55);\n--wpforms-field-border-color: #000000;\n--wpforms-field-border-color-spare: #000000;\n--wpforms-field-text-color: #000000;\n--wpforms-field-size-input-height: 31px;\n--wpforms-field-size-input-spacing: 10px;\n--wpforms-field-size-font-size: 14px;\n--wpforms-field-size-line-height: 17px;\n--wpforms-field-size-padding-h: 9px;\n--wpforms-field-size-checkbox-size: 14px;\n--wpforms-field-size-sublabel-spacing: 5px;\n--wpforms-field-size-icon-size: 0.75;\n--wpforms-label-size-font-size: 14px;\n--wpforms-label-size-line-height: 17px;\n--wpforms-label-size-sublabel-font-size: 13px;\n--wpforms-label-size-sublabel-line-height: 16px;\n--wpforms-button-size-font-size: 17px;\n--wpforms-button-size-height: 41px;\n--wpforms-button-size-padding-h: 15px;\n--wpforms-button-size-margin-top: 10px;\n\t\t\t}\n\t\t\t<\/style><div class=\"wpforms-container wpforms-container-full wpforms-block wpforms-block-d3625cba-7f5f-4b27-8bad-cbc9f1786772 wpforms-render-modern\" id=\"wpforms-240\"><form id=\"wpforms-form-240\" class=\"wpforms-validate wpforms-form wpforms-ajax-form\" data-formid=\"240\" method=\"post\" enctype=\"multipart\/form-data\" action=\"\/index.php?rest_route=%2Fwp%2Fv2%2Fpages%2F209\" data-token=\"fd1ffb1a8788162e7f79c48196906508\" data-token-time=\"1778186039\"><noscript class=\"wpforms-error-noscript\">Por favor, activa JavaScript en tu navegador para completar este formulario.<\/noscript><div id=\"wpforms-error-noscript\" style=\"display: none;\">Por favor, activa JavaScript en tu navegador para completar este formulario.<\/div><div class=\"wpforms-field-container\"><div id=\"wpforms-240-field_1-container\" class=\"wpforms-field wpforms-field-name\" data-field-id=\"1\"><fieldset><legend class=\"wpforms-field-label\">Nombre completo<\/legend><div class=\"wpforms-field-row wpforms-field-medium\"><div class=\"wpforms-field-row-block wpforms-first wpforms-one-half\"><input type=\"text\" id=\"wpforms-240-field_1\" class=\"wpforms-field-name-first\" name=\"wpforms[fields][1][first]\" aria-errormessage=\"wpforms-240-field_1-error\" ><label for=\"wpforms-240-field_1\" class=\"wpforms-field-sublabel after\">Nombre<\/label><\/div><div class=\"wpforms-field-row-block wpforms-one-half\"><input type=\"text\" id=\"wpforms-240-field_1-last\" class=\"wpforms-field-name-last\" name=\"wpforms[fields][1][last]\" aria-errormessage=\"wpforms-240-field_1-last-error\" ><label for=\"wpforms-240-field_1-last\" class=\"wpforms-field-sublabel after\">Apellidos<\/label><\/div><\/div><\/fieldset><\/div>\t\t<div id=\"wpforms-240-field_3-container\"\n\t\t\tclass=\"wpforms-field wpforms-field-text\"\n\t\t\tdata-field-type=\"text\"\n\t\t\tdata-field-id=\"3\"\n\t\t\t>\n\t\t\t<label class=\"wpforms-field-label\" for=\"wpforms-240-field_3\" >tu Correo comentario<\/label>\n\t\t\t<input type=\"text\" id=\"wpforms-240-field_3\" class=\"wpforms-field-medium\" name=\"wpforms[fields][3]\" >\n\t\t<\/div>\n\t\t<div id=\"wpforms-240-field_2-container\" class=\"wpforms-field wpforms-field-email\" data-field-id=\"2\"><label class=\"wpforms-field-label\" for=\"wpforms-240-field_2\">Correo electr\u00f3nico <span class=\"wpforms-required-label\" aria-hidden=\"true\">*<\/span><\/label><input type=\"email\" id=\"wpforms-240-field_2\" class=\"wpforms-field-medium wpforms-field-required\" name=\"wpforms[fields][2]\" spellcheck=\"false\" aria-errormessage=\"wpforms-240-field_2-error\" required><\/div><div id=\"wpforms-240-field_6-container\" class=\"wpforms-field wpforms-field-textarea\" data-field-id=\"6\"><label class=\"wpforms-field-label\" for=\"wpforms-240-field_6\">D\u00e9janos tu comentario<\/label><textarea id=\"wpforms-240-field_6\" class=\"wpforms-field-medium\" name=\"wpforms[fields][6]\" aria-errormessage=\"wpforms-240-field_6-error\" ><\/textarea><\/div><script>\n\t\t\t\t( function() {\n\t\t\t\t\tconst style = document.createElement( 'style' );\n\t\t\t\t\tstyle.appendChild( document.createTextNode( '#wpforms-240-field_3-container { position: absolute !important; overflow: hidden !important; display: inline !important; height: 1px !important; width: 1px !important; z-index: -1000 !important; padding: 0 !important; } #wpforms-240-field_3-container input { visibility: hidden; } #wpforms-conversational-form-page #wpforms-240-field_3-container label { counter-increment: none; }' ) );\n\t\t\t\t\tdocument.head.appendChild( style );\n\t\t\t\t\tdocument.currentScript?.remove();\n\t\t\t\t} )();\n\t\t\t<\/script><\/div><!-- .wpforms-field-container --><div class=\"wpforms-submit-container\" ><input type=\"hidden\" name=\"wpforms[id]\" value=\"240\"><input type=\"hidden\" name=\"page_title\" value=\"\"><input type=\"hidden\" name=\"page_url\" value=\"https:\/\/www.recargadeextintoresentrujillo.online\/index.php?rest_route=\/wp\/v2\/pages\/209\"><input type=\"hidden\" name=\"url_referer\" value=\"\"><button type=\"submit\" name=\"wpforms[submit]\" id=\"wpforms-submit-240\" class=\"wpforms-submit\" data-alt-text=\"Enviando...\" data-submit-text=\"Enviar\" aria-live=\"assertive\" value=\"wpforms-submit\">Enviar<\/button><img loading=\"lazy\" decoding=\"async\" src=\"https:\/\/www.recargadeextintoresentrujillo.online\/wp-content\/plugins\/wpforms-lite\/assets\/images\/submit-spin.svg\" class=\"wpforms-submit-spinner\" style=\"display: none;\" width=\"26\" height=\"26\" alt=\"Cargando\"><\/div><\/form><\/div>  <!-- .wpforms-container --><\/div>\n<\/div>\n\n\n\n<div class=\"wp-block-columns is-layout-flex wp-container-core-columns-is-layout-28f84493 wp-block-columns-is-layout-flex\">\n<div class=\"wp-block-column is-layout-flow wp-block-column-is-layout-flow\">\n<p><strong> <strong>Direcci\u00f3n<\/strong><\/strong><\/p>\n\n\n\n<p><strong>Fijo: (044) 633587<\/strong><\/p>\n\n\n\n<div class=\"wp-block-buttons is-layout-flex wp-block-buttons-is-layout-flex\">\n<div class=\"wp-block-button\"><a class=\"wp-block-button__link has-background wp-element-button\" href=\"https:\/\/wa.link\/pxd2du\" style=\"border-radius:14px;background-color:#00a813\"> WhatsApp:  935 038 815<\/a><\/div>\n<\/div>\n<\/div>\n\n\n\n<div class=\"wp-block-column is-layout-flow wp-block-column-is-layout-flow\">\n<p><strong> Correo electr\u00f3nico<\/strong><\/p>\n\n\n\n<div class=\"wp-block-buttons is-layout-flex wp-block-buttons-is-layout-flex\">\n<div class=\"wp-block-button\"><a class=\"wp-block-button__link wp-element-button\" style=\"border-radius:14px\">ventas@extintorextilin.com<\/a><\/div>\n<\/div>\n<\/div>\n\n\n\n<div class=\"wp-block-column is-layout-flow wp-block-column-is-layout-flow\">\n<p> <strong>Direcci\u00f3n<\/strong><\/p>\n\n\n\n<div class=\"wp-block-buttons is-layout-flex wp-block-buttons-is-layout-flex\">\n<div class=\"wp-block-button\"><a class=\"wp-block-button__link has-vivid-red-background-color has-background wp-element-button\" style=\"border-radius:9px\">Trujillo, la Libertad &#8211; Per\u00fa<\/a><\/div>\n<\/div>\n<\/div>\n<\/div>\n\n\n\n<div class=\"wp-block-columns is-layout-flex wp-container-core-columns-is-layout-28f84493 wp-block-columns-is-layout-flex\">\n<div class=\"wp-block-column is-layout-flow wp-block-column-is-layout-flow\">\n<figure class=\"wp-block-image size-full\"><img loading=\"lazy\" decoding=\"async\" width=\"1536\" height=\"1024\" src=\"https:\/\/www.recargadeextintoresentrujillo.online\/wp-content\/uploads\/2025\/09\/20250919_0043_Presentacion-de-Extintores_remix_01k5g7w5b7ea6sc9syhh1ztw7a.png\" alt=\"Venta de Extintores en Trujillo\" class=\"wp-image-193\"\/><\/figure>\n<\/div>\n\n\n\n<div class=\"wp-block-column is-layout-flow wp-block-column-is-layout-flow\">\n<figure class=\"wp-block-image size-full\"><img loading=\"lazy\" decoding=\"async\" width=\"1536\" height=\"1024\" src=\"https:\/\/www.recargadeextintoresentrujillo.online\/wp-content\/uploads\/2025\/09\/20250918_1620_Tecnicos-en-Taller-de-Extintores_simple_compose_01k5fb3pbafrgsgy3b499dg1y6.png\" alt=\"Extintores en Trujillo\" class=\"wp-image-106\"\/><\/figure>\n<\/div>\n<\/div>\n","protected":false},"excerpt":{"rendered":"<p>Cont\u00e1ctanos En Extintores Extilin ponemos a tu alcance soluciones r\u00e1pidas y confiables en recarga y venta de extintores en Trujillo. [&hellip;]<\/p>\n","protected":false},"author":1,"featured_media":0,"parent":0,"menu_order":0,"comment_status":"closed","ping_status":"closed","template":"","meta":{"_uag_custom_page_level_css":"","site-sidebar-layout":"default","site-content-layout":"","ast-site-content-layout":"default","site-content-style":"default","site-sidebar-style":"default","ast-global-header-display":"","ast-banner-title-visibility":"","ast-main-header-display":"","ast-hfb-above-header-display":"","ast-hfb-below-header-display":"","ast-hfb-mobile-header-display":"","site-post-title":"disabled","ast-breadcrumbs-content":"","ast-featured-img":"","footer-sml-layout":"","ast-disable-related-posts":"","theme-transparent-header-meta":"","adv-header-id-meta":"","stick-header-meta":"","header-above-stick-meta":"","header-main-stick-meta":"","header-below-stick-meta":"","astra-migrate-meta-layouts":"default","ast-page-background-enabled":"default","ast-page-background-meta":{"desktop":{"background-color":"var(--ast-global-color-5)","background-image":"","background-repeat":"repeat","background-position":"center center","background-size":"auto","background-attachment":"scroll","background-type":"","background-media":"","overlay-type":"","overlay-color":"","overlay-opacity":"","overlay-gradient":""},"tablet":{"background-color":"","background-image":"","background-repeat":"repeat","background-position":"center center","background-size":"auto","background-attachment":"scroll","background-type":"","background-media":"","overlay-type":"","overlay-color":"","overlay-opacity":"","overlay-gradient":""},"mobile":{"background-color":"","background-image":"","background-repeat":"repeat","background-position":"center center","background-size":"auto","background-attachment":"scroll","background-type":"","background-media":"","overlay-type":"","overlay-color":"","overlay-opacity":"","overlay-gradient":""}},"ast-content-background-meta":{"desktop":{"background-color":"var(--ast-global-color-4)","background-image":"","background-repeat":"repeat","background-position":"center center","background-size":"auto","background-attachment":"scroll","background-type":"","background-media":"","overlay-type":"","overlay-color":"","overlay-opacity":"","overlay-gradient":""},"tablet":{"background-color":"var(--ast-global-color-4)","background-image":"","background-repeat":"repeat","background-position":"center center","background-size":"auto","background-attachment":"scroll","background-type":"","background-media":"","overlay-type":"","overlay-color":"","overlay-opacity":"","overlay-gradient":""},"mobile":{"background-color":"var(--ast-global-color-4)","background-image":"","background-repeat":"repeat","background-position":"center center","background-size":"auto","background-attachment":"scroll","background-type":"","background-media":"","overlay-type":"","overlay-color":"","overlay-opacity":"","overlay-gradient":""}},"footnotes":""},"class_list":["post-209","page","type-page","status-publish","hentry"],"yoast_head":"<!-- This site is optimized with the Yoast SEO plugin v27.5 - https:\/\/yoast.com\/product\/yoast-seo-wordpress\/ -->\n<title>Extintores certificados y recarga urgente en Trujillo - 044-633587<\/title>\n<meta name=\"description\" content=\"Extintores en Trujillo: venta, recarga profesional. Garantizamos seguridad, eficacia y cumplimiento normativo en cada servicio.\" \/>\n<meta name=\"robots\" content=\"index, follow, max-snippet:-1, max-image-preview:large, max-video-preview:-1\" \/>\n<link rel=\"canonical\" href=\"https:\/\/www.recargadeextintoresentrujillo.online\/?page_id=209\" \/>\n<meta property=\"og:locale\" content=\"es_ES\" \/>\n<meta property=\"og:type\" content=\"article\" \/>\n<meta property=\"og:title\" content=\"Extintores certificados y recarga urgente en Trujillo - 044-633587\" \/>\n<meta property=\"og:description\" content=\"Extintores en Trujillo: venta, recarga profesional. Garantizamos seguridad, eficacia y cumplimiento normativo en cada servicio.\" \/>\n<meta property=\"og:url\" content=\"https:\/\/www.recargadeextintoresentrujillo.online\/?page_id=209\" \/>\n<meta property=\"og:site_name\" content=\"Recarga de Extintores en Trujillo \u2b50\ufe0f\u2b50\ufe0f\" \/>\n<meta property=\"article:modified_time\" content=\"2025-09-19T07:11:27+00:00\" \/>\n<meta property=\"og:image\" content=\"https:\/\/www.recargadeextintoresentrujillo.online\/wp-content\/uploads\/2025\/09\/20250919_0043_Presentacion-de-Extintores_remix_01k5g7w5b7ea6sc9syhh1ztw7a.png\" \/>\n<meta name=\"twitter:card\" content=\"summary_large_image\" \/>\n<meta name=\"twitter:label1\" content=\"Tiempo de lectura\" \/>\n\t<meta name=\"twitter:data1\" content=\"1 minuto\" \/>\n<script type=\"application\/ld+json\" class=\"yoast-schema-graph\">{\"@context\":\"https:\\\/\\\/schema.org\",\"@graph\":[{\"@type\":\"WebPage\",\"@id\":\"https:\\\/\\\/www.recargadeextintoresentrujillo.online\\\/?page_id=209\",\"url\":\"https:\\\/\\\/www.recargadeextintoresentrujillo.online\\\/?page_id=209\",\"name\":\"Extintores certificados y recarga urgente en Trujillo - 044-633587\",\"isPartOf\":{\"@id\":\"https:\\\/\\\/www.recargadeextintoresentrujillo.online\\\/#website\"},\"primaryImageOfPage\":{\"@id\":\"https:\\\/\\\/www.recargadeextintoresentrujillo.online\\\/?page_id=209#primaryimage\"},\"image\":{\"@id\":\"https:\\\/\\\/www.recargadeextintoresentrujillo.online\\\/?page_id=209#primaryimage\"},\"thumbnailUrl\":\"https:\\\/\\\/www.recargadeextintoresentrujillo.online\\\/wp-content\\\/uploads\\\/2025\\\/09\\\/20250919_0043_Presentacion-de-Extintores_remix_01k5g7w5b7ea6sc9syhh1ztw7a.png\",\"datePublished\":\"2025-09-19T06:12:07+00:00\",\"dateModified\":\"2025-09-19T07:11:27+00:00\",\"description\":\"Extintores en Trujillo: venta, recarga profesional. Garantizamos seguridad, eficacia y cumplimiento normativo en cada servicio.\",\"breadcrumb\":{\"@id\":\"https:\\\/\\\/www.recargadeextintoresentrujillo.online\\\/?page_id=209#breadcrumb\"},\"inLanguage\":\"es\",\"potentialAction\":[{\"@type\":\"ReadAction\",\"target\":[\"https:\\\/\\\/www.recargadeextintoresentrujillo.online\\\/?page_id=209\"]}]},{\"@type\":\"ImageObject\",\"inLanguage\":\"es\",\"@id\":\"https:\\\/\\\/www.recargadeextintoresentrujillo.online\\\/?page_id=209#primaryimage\",\"url\":\"https:\\\/\\\/www.recargadeextintoresentrujillo.online\\\/wp-content\\\/uploads\\\/2025\\\/09\\\/20250919_0043_Presentacion-de-Extintores_remix_01k5g7w5b7ea6sc9syhh1ztw7a.png\",\"contentUrl\":\"https:\\\/\\\/www.recargadeextintoresentrujillo.online\\\/wp-content\\\/uploads\\\/2025\\\/09\\\/20250919_0043_Presentacion-de-Extintores_remix_01k5g7w5b7ea6sc9syhh1ztw7a.png\",\"width\":1536,\"height\":1024,\"caption\":\"Venta de Extintores en Trujillo\"},{\"@type\":\"BreadcrumbList\",\"@id\":\"https:\\\/\\\/www.recargadeextintoresentrujillo.online\\\/?page_id=209#breadcrumb\",\"itemListElement\":[{\"@type\":\"ListItem\",\"position\":1,\"name\":\"Portada\",\"item\":\"https:\\\/\\\/www.recargadeextintoresentrujillo.online\\\/\"},{\"@type\":\"ListItem\",\"position\":2,\"name\":\"CONTACTO\"}]},{\"@type\":\"WebSite\",\"@id\":\"https:\\\/\\\/www.recargadeextintoresentrujillo.online\\\/#website\",\"url\":\"https:\\\/\\\/www.recargadeextintoresentrujillo.online\\\/\",\"name\":\"Recarga de Extintores en Trujillo \u2b50\ufe0f\u2b50\ufe0f\",\"description\":\"En Extintores Extilin, nos dedicamos a garantizar que tus extintores est\u00e9n siempre listos para actuar cuando m\u00e1s los necesites. Con m\u00e1s de 10 a\u00f1os de experiencia en Trujillo, ofrecemos un servicio profesional, r\u00e1pido y confiable.\",\"publisher\":{\"@id\":\"https:\\\/\\\/www.recargadeextintoresentrujillo.online\\\/#organization\"},\"potentialAction\":[{\"@type\":\"SearchAction\",\"target\":{\"@type\":\"EntryPoint\",\"urlTemplate\":\"https:\\\/\\\/www.recargadeextintoresentrujillo.online\\\/?s={search_term_string}\"},\"query-input\":{\"@type\":\"PropertyValueSpecification\",\"valueRequired\":true,\"valueName\":\"search_term_string\"}}],\"inLanguage\":\"es\"},{\"@type\":\"Organization\",\"@id\":\"https:\\\/\\\/www.recargadeextintoresentrujillo.online\\\/#organization\",\"name\":\"Recarga de Extintores en Trujillo \u2b50\ufe0f\u2b50\ufe0f\",\"url\":\"https:\\\/\\\/www.recargadeextintoresentrujillo.online\\\/\",\"logo\":{\"@type\":\"ImageObject\",\"inLanguage\":\"es\",\"@id\":\"https:\\\/\\\/www.recargadeextintoresentrujillo.online\\\/#\\\/schema\\\/logo\\\/image\\\/\",\"url\":\"https:\\\/\\\/www.recargadeextintoresentrujillo.online\\\/wp-content\\\/uploads\\\/2025\\\/09\\\/Diseno-sin-titulo-13.png\",\"contentUrl\":\"https:\\\/\\\/www.recargadeextintoresentrujillo.online\\\/wp-content\\\/uploads\\\/2025\\\/09\\\/Diseno-sin-titulo-13.png\",\"width\":1200,\"height\":1200,\"caption\":\"Recarga de Extintores en Trujillo  \u2b50\ufe0f\u2b50\ufe0f\"},\"image\":{\"@id\":\"https:\\\/\\\/www.recargadeextintoresentrujillo.online\\\/#\\\/schema\\\/logo\\\/image\\\/\"}}]}<\/script>\n<!-- \/ Yoast SEO plugin. -->","yoast_head_json":{"title":"Extintores certificados y recarga urgente en Trujillo - 044-633587","description":"Extintores en Trujillo: venta, recarga profesional. Garantizamos seguridad, eficacia y cumplimiento normativo en cada servicio.","robots":{"index":"index","follow":"follow","max-snippet":"max-snippet:-1","max-image-preview":"max-image-preview:large","max-video-preview":"max-video-preview:-1"},"canonical":"https:\/\/www.recargadeextintoresentrujillo.online\/?page_id=209","og_locale":"es_ES","og_type":"article","og_title":"Extintores certificados y recarga urgente en Trujillo - 044-633587","og_description":"Extintores en Trujillo: venta, recarga profesional. Garantizamos seguridad, eficacia y cumplimiento normativo en cada servicio.","og_url":"https:\/\/www.recargadeextintoresentrujillo.online\/?page_id=209","og_site_name":"Recarga de Extintores en Trujillo \u2b50\ufe0f\u2b50\ufe0f","article_modified_time":"2025-09-19T07:11:27+00:00","og_image":[{"url":"https:\/\/www.recargadeextintoresentrujillo.online\/wp-content\/uploads\/2025\/09\/20250919_0043_Presentacion-de-Extintores_remix_01k5g7w5b7ea6sc9syhh1ztw7a.png","type":"","width":"","height":""}],"twitter_card":"summary_large_image","twitter_misc":{"Tiempo de lectura":"1 minuto"},"schema":{"@context":"https:\/\/schema.org","@graph":[{"@type":"WebPage","@id":"https:\/\/www.recargadeextintoresentrujillo.online\/?page_id=209","url":"https:\/\/www.recargadeextintoresentrujillo.online\/?page_id=209","name":"Extintores certificados y recarga urgente en Trujillo - 044-633587","isPartOf":{"@id":"https:\/\/www.recargadeextintoresentrujillo.online\/#website"},"primaryImageOfPage":{"@id":"https:\/\/www.recargadeextintoresentrujillo.online\/?page_id=209#primaryimage"},"image":{"@id":"https:\/\/www.recargadeextintoresentrujillo.online\/?page_id=209#primaryimage"},"thumbnailUrl":"https:\/\/www.recargadeextintoresentrujillo.online\/wp-content\/uploads\/2025\/09\/20250919_0043_Presentacion-de-Extintores_remix_01k5g7w5b7ea6sc9syhh1ztw7a.png","datePublished":"2025-09-19T06:12:07+00:00","dateModified":"2025-09-19T07:11:27+00:00","description":"Extintores en Trujillo: venta, recarga profesional. Garantizamos seguridad, eficacia y cumplimiento normativo en cada servicio.","breadcrumb":{"@id":"https:\/\/www.recargadeextintoresentrujillo.online\/?page_id=209#breadcrumb"},"inLanguage":"es","potentialAction":[{"@type":"ReadAction","target":["https:\/\/www.recargadeextintoresentrujillo.online\/?page_id=209"]}]},{"@type":"ImageObject","inLanguage":"es","@id":"https:\/\/www.recargadeextintoresentrujillo.online\/?page_id=209#primaryimage","url":"https:\/\/www.recargadeextintoresentrujillo.online\/wp-content\/uploads\/2025\/09\/20250919_0043_Presentacion-de-Extintores_remix_01k5g7w5b7ea6sc9syhh1ztw7a.png","contentUrl":"https:\/\/www.recargadeextintoresentrujillo.online\/wp-content\/uploads\/2025\/09\/20250919_0043_Presentacion-de-Extintores_remix_01k5g7w5b7ea6sc9syhh1ztw7a.png","width":1536,"height":1024,"caption":"Venta de Extintores en Trujillo"},{"@type":"BreadcrumbList","@id":"https:\/\/www.recargadeextintoresentrujillo.online\/?page_id=209#breadcrumb","itemListElement":[{"@type":"ListItem","position":1,"name":"Portada","item":"https:\/\/www.recargadeextintoresentrujillo.online\/"},{"@type":"ListItem","position":2,"name":"CONTACTO"}]},{"@type":"WebSite","@id":"https:\/\/www.recargadeextintoresentrujillo.online\/#website","url":"https:\/\/www.recargadeextintoresentrujillo.online\/","name":"Recarga de Extintores en Trujillo \u2b50\ufe0f\u2b50\ufe0f","description":"En Extintores Extilin, nos dedicamos a garantizar que tus extintores est\u00e9n siempre listos para actuar cuando m\u00e1s los necesites. Con m\u00e1s de 10 a\u00f1os de experiencia en Trujillo, ofrecemos un servicio profesional, r\u00e1pido y confiable.","publisher":{"@id":"https:\/\/www.recargadeextintoresentrujillo.online\/#organization"},"potentialAction":[{"@type":"SearchAction","target":{"@type":"EntryPoint","urlTemplate":"https:\/\/www.recargadeextintoresentrujillo.online\/?s={search_term_string}"},"query-input":{"@type":"PropertyValueSpecification","valueRequired":true,"valueName":"search_term_string"}}],"inLanguage":"es"},{"@type":"Organization","@id":"https:\/\/www.recargadeextintoresentrujillo.online\/#organization","name":"Recarga de Extintores en Trujillo \u2b50\ufe0f\u2b50\ufe0f","url":"https:\/\/www.recargadeextintoresentrujillo.online\/","logo":{"@type":"ImageObject","inLanguage":"es","@id":"https:\/\/www.recargadeextintoresentrujillo.online\/#\/schema\/logo\/image\/","url":"https:\/\/www.recargadeextintoresentrujillo.online\/wp-content\/uploads\/2025\/09\/Diseno-sin-titulo-13.png","contentUrl":"https:\/\/www.recargadeextintoresentrujillo.online\/wp-content\/uploads\/2025\/09\/Diseno-sin-titulo-13.png","width":1200,"height":1200,"caption":"Recarga de Extintores en Trujillo  \u2b50\ufe0f\u2b50\ufe0f"},"image":{"@id":"https:\/\/www.recargadeextintoresentrujillo.online\/#\/schema\/logo\/image\/"}}]}},"uagb_featured_image_src":{"full":false,"thumbnail":false,"medium":false,"medium_large":false,"large":false,"1536x1536":false,"2048x2048":false},"uagb_author_info":{"display_name":"extintores en trujillo","author_link":"https:\/\/www.recargadeextintoresentrujillo.online\/?author=1"},"uagb_comment_info":0,"uagb_excerpt":"Cont\u00e1ctanos En Extintores Extilin ponemos a tu alcance soluciones r\u00e1pidas y confiables en recarga y venta de extintores en Trujillo. [&hellip;]","_links":{"self":[{"href":"https:\/\/www.recargadeextintoresentrujillo.online\/index.php?rest_route=\/wp\/v2\/pages\/209","targetHints":{"allow":["GET"]}}],"collection":[{"href":"https:\/\/www.recargadeextintoresentrujillo.online\/index.php?rest_route=\/wp\/v2\/pages"}],"about":[{"href":"https:\/\/www.recargadeextintoresentrujillo.online\/index.php?rest_route=\/wp\/v2\/types\/page"}],"author":[{"embeddable":true,"href":"https:\/\/www.recargadeextintoresentrujillo.online\/index.php?rest_route=\/wp\/v2\/users\/1"}],"replies":[{"embeddable":true,"href":"https:\/\/www.recargadeextintoresentrujillo.online\/index.php?rest_route=%2Fwp%2Fv2%2Fcomments&post=209"}],"version-history":[{"count":7,"href":"https:\/\/www.recargadeextintoresentrujillo.online\/index.php?rest_route=\/wp\/v2\/pages\/209\/revisions"}],"predecessor-version":[{"id":245,"href":"https:\/\/www.recargadeextintoresentrujillo.online\/index.php?rest_route=\/wp\/v2\/pages\/209\/revisions\/245"}],"wp:attachment":[{"href":"https:\/\/www.recargadeextintoresentrujillo.online\/index.php?rest_route=%2Fwp%2Fv2%2Fmedia&parent=209"}],"curies":[{"name":"wp","href":"https:\/\/api.w.org\/{rel}","templated":true}]}}